{"id":64311,"date":"2023-05-08T13:12:26","date_gmt":"2023-05-08T10:12:26","guid":{"rendered":"https:\/\/testi-e2c55b704894.senaatti.fi\/hankinnat\/"},"modified":"2024-10-28T10:10:28","modified_gmt":"2024-10-28T08:10:28","slug":"upphandling-2","status":"publish","type":"page","link":"https:\/\/testi-e2c55b704894.senaatti.fi\/sv\/om-oss\/upphandling-2\/","title":{"rendered":"Upphandling"},"content":{"rendered":"<div class=\"wpb-content-wrapper\"><p>[vc_row][vc_column][senaatti_hero heading=&#8221;Upphandling och konkurrensuts\u00e4ttning&#8221; text=&#8221;Senatkoncernen \u00e4r en betydande upphandlare av bygg- och fastighetstj\u00e4nster i Finland och en av Finlands st\u00f6rsta offentliga upphandlingsorganisationer. Vi skaffar tj\u00e4nster och produkter f\u00f6r de aff\u00e4rsverk som h\u00f6r till koncernen.&#8221; image=&#8221;59316&#8243;][\/vc_column][\/vc_row][vc_row][vc_column][vc_column_text remove_empty_space_above=&#8221;true&#8221; remove_empty_space_below=&#8221;true&#8221;]V\u00e5r upphandlingstj\u00e4nst konkurrensuts\u00e4tter offentligt alla varu- och tj\u00e4nsteupphandlingar som \u00f6verstiger det nationella tr\u00f6skelv\u00e4rdet. Entreprenadupphandlingar som h\u00e4nf\u00f6r sig till byggprojekt konkurrensuts\u00e4tts i regel som en del av byggprojekten av byggorganisationen.<\/p>\n<p>V\u00e5r upphandling \u00e4r m\u00e5ngsidig. Vi skaffar bland annat tj\u00e4nster som produceras f\u00f6r kunderna och som beh\u00f6vs internt, tj\u00e4nster och varor i anslutning till byggande, underh\u00e5ll, service och reparation av fastigheter samt informationsf\u00f6rvaltning.[\/vc_column_text][\/vc_column][\/vc_row][vc_row][vc_column el_id=&#8221;miten-tarjota-meille&#8221;][vc_column_text remove_empty_space_above=&#8221;true&#8221; remove_empty_space_below=&#8221;true&#8221;]<\/p>\n<h2>Hur kan man erbjuda oss tj\u00e4nster?<\/h2>\n<p>Du kan bli leverant\u00f6r hos oss genom att f\u00f6lja upphandlingsannonser och l\u00e4mna anbud. Vi behandlar alla anbudsgivare \u00f6ppet och r\u00e4ttvist.<\/p>\n<h3>Med f\u00f6ljande tips lyckas du utarbeta ett anbud<\/h3>\n<ul>\n<li><strong>Delta i en eventuell marknadsdialog. <\/strong>Vi publicerar beg\u00e4ran om information och inbjudningar till marknadsdialog i allt h\u00f6gre grad om v\u00e5ra konkurrensuts\u00e4ttningar i HILMA-tj\u00e4nsten. Genom marknadsdialogen f\u00f6rs\u00f6ker vi reda ut vilka alternativ som finns p\u00e5 marknaden.<\/li>\n<li><strong>L\u00e4s omsorgsfullt anbudsf\u00f6rfr\u00e5gan och dess bilagor. <\/strong>Svara till exempel p\u00e5 alla n\u00f6dv\u00e4ndiga punkter och fr\u00e5gor. Bifoga inte ytterligare bilagor eller texter om det inte uttryckligen har beg\u00e4rts.<\/li>\n<li><strong>Vid konkurrensuts\u00e4ttning \u00e4r det i allm\u00e4nhet alltid m\u00f6jligt att st\u00e4lla fr\u00e5gor till den upphandlande enheten under en p\u00e5 f\u00f6rhand angiven tid. <\/strong>St\u00e4ll fr\u00e5gan p\u00e5 det s\u00e4tt som anges i konkurrensuts\u00e4ttningen.<\/li>\n<li><strong>Vid behov korrigeras anbudsf\u00f6rfr\u00e5gan och en korrigeringsanm\u00e4lan publiceras om den. <\/strong>Det kan ta n\u00e5gra dagar att publicera korrigeringsanm\u00e4lan och under denna tid kan man inte l\u00e4mna in anbud.<\/li>\n<li><strong>L\u00e4mna in anbudet i tid. <\/strong>Anbudet kan \u00e4ndras inom den tidsfrist som anges i Anbudstj\u00e4nsten. Endast anbud som l\u00e4mnas in inom tidsfristen kan tas upp till behandling.<\/li>\n<\/ul>\n<p>[\/vc_column_text][\/vc_column][\/vc_row][vc_row][vc_column][senaatti_numbers_alt background_color=&#8221;senaatti-konserni-white&#8221; title=&#8221;Nyckeltal 2023&#8243; items=&#8221;%5B%7B%22label_above%22%3A%22Upphandling%22%2C%22number%22%3A%221%20021%22%2C%22label_below%22%3A%22miljoner%20euro%22%7D%2C%7B%22label_above%22%3A%22Syssels%C3%A4ttningseffekt%22%2C%22number%22%3A%2212%20700%22%2C%22label_below%22%3A%22%C3%A5rsverken%22%7D%2C%7B%22label_above%22%3A%22Leverant%C3%B6rer%22%2C%22number%22%3A%223%20779%22%7D%5D&#8221;][\/vc_column][\/vc_row][vc_row][vc_column el_id=&#8221;periaatteemme-hankinnoissa&#8221;][vc_column_text remove_empty_space_above=&#8221;true&#8221;]I koncernens verksamhet har tj\u00e4nsteproducenterna en betydande roll. Merparten av de tj\u00e4nster som vi producerar f\u00f6r kunderna upphandlas p\u00e5 marknaden. Vi syssels\u00e4tter s\u00e4rskilt akt\u00f6rer inom byggnads- och fastighetsbranschen.<\/p>\n<p>Ett av de viktigaste verktygen \u00e4r ramavtal som f\u00f6renklar och effektiviserar v\u00e5r praktiska upphandling och s\u00e4kerst\u00e4ller tj\u00e4nsternas tillg\u00e4nglighet och kvalitet. Inom \u00e4ndam\u00e5lsenliga delanbudsomr\u00e5den str\u00e4var man efter att s\u00e4kerst\u00e4lla st\u00f6rsta m\u00f6jliga beredvillighet att l\u00e4mna anbud och sm\u00e5 och medelstora f\u00f6retags m\u00f6jligheter att delta i konkurrensuts\u00e4ttningen. Vi har ramavtalspartner inom alla viktiga verksamheter. I avtalen f\u00f6ljer vi i princip de allm\u00e4nna avtalsvillkoren (bland annat JYSE, YSE).<\/p>\n<h3>V\u00e5ra principer vid upphandling<\/h3>\n<p>Principerna som ska f\u00f6ljas i alla v\u00e5ra upphandlingar \u00e4r resultatinriktning, planering, ansvarstagande samt s\u00e4kerhet, beredskap och f\u00f6rberedelse.<\/p>\n<h3>Vi k\u00e4nner v\u00e5r partner<\/h3>\n<p>V\u00e5r aff\u00e4rspartner m\u00e5ste alltid var identifierbar. Vid ny upphandling f\u00f6ruts\u00e4tter och kontrollerar vi bland annat villkoren, sanktionerna och fullg\u00f6randet av skyldigheterna enligt best\u00e4llaransvarslagen i anslutning till bek\u00e4mpningen av ekonomisk brottslighet. Efterlevnaden av avtalsf\u00f6rpliktelserna \u00f6vervakas under hela avtalsperioden.<\/p>\n<h3>V\u00e5r upphandling \u00e4r ansvarsfull<\/h3>\n<p>Vid upphandlingen beaktas ut\u00f6ver de lagstadgade och ekonomiska f\u00f6rpliktelserna \u00e4ven principerna om h\u00e5llbara milj\u00f6- och energil\u00f6sningar samt socialt ansvar. I kategoriarbetet vid upphandlingar st\u00e4lls allm\u00e4nna ramvillkor f\u00f6r tj\u00e4nste- eller produktgrupperna i anslutning till ansvarstagande. Vid enskilda upphandlingar fastst\u00e4lls mer detaljerade krav p\u00e5 ansvarstagande. Vid behov kommer en marknadsdialog att utnyttjas f\u00f6r att fastst\u00e4lla l\u00e4mpliga ansvarskrav.<\/p>\n<p>Vi har f\u00f6rbundit oss till tre frivilliga <a href=\"https:\/\/ym.fi\/sv\/green-deal-avtal\" target=\"_blank\" rel=\"noopener\">Green Deal-avtal<\/a>: utsl\u00e4ppsfria byggarbetsplatser, h\u00e5llbar rivning och plast inom byggsektorn. Dessa och andra ansvarsaspekter har uppdaterats i v\u00e5ra senaste ramavtalsmodeller och genom v\u00e5ra avtal har man beaktat bland annat villkoren i v\u00e5ra koldioxidneutrala m\u00e5l.<\/p>\n<h3>Vi \u00e4r resultatrika, systematiska och funktionsdugliga<\/h3>\n<p>Vi uppr\u00e4tth\u00e5ller v\u00e5r funktionsf\u00f6rm\u00e5ga under alla omst\u00e4ndigheter. Vi dimensionerar kraven p\u00e5 s\u00e4kerhet och beredskap separat f\u00f6r varje upphandling. V\u00e5rt m\u00e5l \u00e4r att v\u00e5rt leverant\u00f6rsn\u00e4tverk beh\u00e4rskar s\u00e4kerhetsfr\u00e5gor och har f\u00f6rbundit sig till koncernens s\u00e4kerhetskrav. Detta s\u00e4kerst\u00e4lls bland annat genom tillr\u00e4cklig inskolning i s\u00e4kerhetsfr\u00e5gor i b\u00f6rjan av avtalsperioden.<br \/>\nVi genomf\u00f6r upphandlingen p\u00e5 det totalekonomiskt mest f\u00f6rdelaktiga s\u00e4ttet.[\/vc_column_text][\/vc_column][\/vc_row][vc_row][vc_column][senaatti_feature_lift heading=&#8221;Tj\u00e4nsteproducenter och partner&#8221; text=&#8221;P\u00e5 denna sida finns f\u00f6r v\u00e5ra tj\u00e4nsteproducenter och andra partner information om bland annat s\u00e4kerhetsutredningar, godk\u00e4nnande av personer, system och anvisningar f\u00f6r byggande och underh\u00e5ll samt v\u00e5r inl\u00e4rningsmilj\u00f6.&#8221; image=&#8221;55077&#8243; btn=&#8221;url:https%3A%2F%2Ftesti-e2c55b704894.senaatti.fi%2Fsv%2Ftjansteproducenter-och-partner%2F|title:Sidan%20f%C3%B6r%20partners&#8221;][\/senaatti_feature_lift][\/vc_column][\/vc_row][vc_row][vc_column][senaatti_feature_lift align=&#8221;right&#8221; heading=&#8221;F\u00f6lj p\u00e5g\u00e5ende upphandlingar i Hilma-tj\u00e4nsten&#8221; subheading=&#8221;Vi anm\u00e4ler alla v\u00e5ra upphandlingar i Hilma.&#8221; text=&#8221;I Hilma-tj\u00e4nsten kan du bland annat g\u00f6ra s\u00f6kvakter \u00e5t dig sj\u00e4lv. I Hilma genomf\u00f6r vi ocks\u00e5 marknadsunders\u00f6kningar och marknadsdialoger. Detta omfattar bland annat beg\u00e4ran om information och marknadsdialoger med hj\u00e4lp av vilka vi inh\u00e4mtar ytterligare information fr\u00e5n leverant\u00f6rerna f\u00f6r att g\u00f6ra en anbudsf\u00f6rfr\u00e5gan.&#8221; image=&#8221;21097&#8243; btn=&#8221;url:https%3A%2F%2Fwww.hankintailmoitukset.fi%2Fsv%2F|title:G%C3%A5%20till%20Hilma|target:_blank&#8221;][\/senaatti_feature_lift][\/vc_column][\/vc_row]<\/p>\n<\/div>","protected":false},"excerpt":{"rendered":"<p>[vc_row][vc_column][senaatti_hero heading=&#8221;Upphandling och konkurrensuts\u00e4ttning&#8221; text=&#8221;Senatkoncernen \u00e4r en betydande upphandlare av bygg- och fastighetstj\u00e4nster i Finland och en av Finlands st\u00f6rsta offentliga upphandlingsorganisationer. Vi skaffar tj\u00e4nster och produkter f\u00f6r de aff\u00e4rsverk som h\u00f6r till koncernen.&#8221; image=&#8221;59316&#8243;][\/vc_column][\/vc_row][vc_row][vc_column][vc_column_text remove_empty_space_above=&#8221;true&#8221; remove_empty_space_below=&#8221;true&#8221;]V\u00e5r upphandlingstj\u00e4nst konkurrensuts\u00e4tter offentligt alla varu- och tj\u00e4nsteupphandlingar som \u00f6verstiger det nationella tr\u00f6skelv\u00e4rdet. Entreprenadupphandlingar som h\u00e4nf\u00f6r sig till byggprojekt [&hellip;]<\/p>\n","protected":false},"author":11,"featured_media":0,"parent":53451,"menu_order":0,"comment_status":"closed","ping_status":"closed","template":"","meta":{"_acf_changed":false,"footnotes":""},"class_list":["post-64311","page","type-page","status-publish","hentry"],"acf":[],"yoast_head":"<!-- This site is optimized with the Yoast SEO plugin v23.9 - https:\/\/yoast.com\/wordpress\/plugins\/seo\/ -->\n<title>Upphandling - Senaatti<\/title>\n<meta name=\"robots\" content=\"noindex, follow, max-snippet:-1, max-image-preview:large, max-video-preview:-1\" \/>\n<meta property=\"og:locale\" content=\"sv_SE\" \/>\n<meta property=\"og:type\" content=\"article\" \/>\n<meta property=\"og:title\" content=\"Upphandling - Senaatti\" \/>\n<meta property=\"og:description\" content=\"[vc_row][vc_column][senaatti_hero heading=&#8221;Upphandling och konkurrensuts\u00e4ttning&#8221; text=&#8221;Senatkoncernen \u00e4r en betydande upphandlare av bygg- och fastighetstj\u00e4nster i Finland och en av Finlands st\u00f6rsta offentliga upphandlingsorganisationer. Vi skaffar tj\u00e4nster och produkter f\u00f6r de aff\u00e4rsverk som h\u00f6r till koncernen.&#8221; image=&#8221;59316&#8243;][\/vc_column][\/vc_row][vc_row][vc_column][vc_column_text remove_empty_space_above=&#8221;true&#8221; remove_empty_space_below=&#8221;true&#8221;]V\u00e5r upphandlingstj\u00e4nst konkurrensuts\u00e4tter offentligt alla varu- och tj\u00e4nsteupphandlingar som \u00f6verstiger det nationella tr\u00f6skelv\u00e4rdet. Entreprenadupphandlingar som h\u00e4nf\u00f6r sig till byggprojekt [&hellip;]\" \/>\n<meta property=\"og:url\" content=\"https:\/\/testi-e2c55b704894.senaatti.fi\/sv\/om-oss\/upphandling-2\/\" \/>\n<meta property=\"og:site_name\" content=\"Senaatti\" \/>\n<meta property=\"article:publisher\" content=\"https:\/\/www.facebook.com\/SenaattiKiinteistot\/\" \/>\n<meta property=\"article:modified_time\" content=\"2024-10-28T08:10:28+00:00\" \/>\n<meta property=\"og:image\" content=\"https:\/\/testi-e2c55b704894.senaatti.fi\/app\/uploads\/2021\/01\/Senaatti_FB_profiili_1200x630-1024x538.png\" \/>\n\t<meta property=\"og:image:width\" content=\"1024\" \/>\n\t<meta property=\"og:image:height\" content=\"538\" \/>\n\t<meta property=\"og:image:type\" content=\"image\/png\" \/>\n<meta name=\"twitter:card\" content=\"summary_large_image\" \/>\n<meta name=\"twitter:site\" content=\"@SenaattiK\" \/>\n<meta name=\"twitter:label1\" content=\"Ber\u00e4knad l\u00e4stid\" \/>\n\t<meta name=\"twitter:data1\" content=\"5 minuter\" \/>\n<script type=\"application\/ld+json\" class=\"yoast-schema-graph\">{\"@context\":\"https:\/\/schema.org\",\"@graph\":[{\"@type\":\"WebPage\",\"@id\":\"https:\/\/testi-e2c55b704894.senaatti.fi\/sv\/om-oss\/upphandling-2\/\",\"url\":\"https:\/\/testi-e2c55b704894.senaatti.fi\/sv\/om-oss\/upphandling-2\/\",\"name\":\"Upphandling - Senaatti\",\"isPartOf\":{\"@id\":\"https:\/\/www.senaatti.fi\/#website\"},\"datePublished\":\"2023-05-08T10:12:26+00:00\",\"dateModified\":\"2024-10-28T08:10:28+00:00\",\"breadcrumb\":{\"@id\":\"https:\/\/testi-e2c55b704894.senaatti.fi\/sv\/om-oss\/upphandling-2\/#breadcrumb\"},\"inLanguage\":\"sv-SE\",\"potentialAction\":[{\"@type\":\"ReadAction\",\"target\":[\"https:\/\/testi-e2c55b704894.senaatti.fi\/sv\/om-oss\/upphandling-2\/\"]}]},{\"@type\":\"BreadcrumbList\",\"@id\":\"https:\/\/testi-e2c55b704894.senaatti.fi\/sv\/om-oss\/upphandling-2\/#breadcrumb\",\"itemListElement\":[{\"@type\":\"ListItem\",\"position\":1,\"name\":\"Hem\",\"item\":\"https:\/\/www.senaatti.fi\/sv\/\"},{\"@type\":\"ListItem\",\"position\":2,\"name\":\"Om oss\",\"item\":\"https:\/\/www.senaatti.fi\/sv\/om-oss\/\"},{\"@type\":\"ListItem\",\"position\":3,\"name\":\"Upphandling\"}]},{\"@type\":\"WebSite\",\"@id\":\"https:\/\/www.senaatti.fi\/#website\",\"url\":\"https:\/\/www.senaatti.fi\/\",\"name\":\"Senaatti\",\"description\":\"Just another WordPress site\",\"publisher\":{\"@id\":\"https:\/\/www.senaatti.fi\/#organization\"},\"potentialAction\":[{\"@type\":\"SearchAction\",\"target\":{\"@type\":\"EntryPoint\",\"urlTemplate\":\"https:\/\/www.senaatti.fi\/?s={search_term_string}\"},\"query-input\":{\"@type\":\"PropertyValueSpecification\",\"valueRequired\":true,\"valueName\":\"search_term_string\"}}],\"inLanguage\":\"sv-SE\"},{\"@type\":\"Organization\",\"@id\":\"https:\/\/www.senaatti.fi\/#organization\",\"name\":\"Senaatti-kiinteist\u00f6t\",\"url\":\"https:\/\/www.senaatti.fi\/\",\"logo\":{\"@type\":\"ImageObject\",\"inLanguage\":\"sv-SE\",\"@id\":\"https:\/\/www.senaatti.fi\/#\/schema\/logo\/image\/\",\"url\":\"https:\/\/testi-e2c55b704894.senaatti.fi\/app\/uploads\/2021\/01\/Senaatti_FB_profiili_1200x630.png\",\"contentUrl\":\"https:\/\/testi-e2c55b704894.senaatti.fi\/app\/uploads\/2021\/01\/Senaatti_FB_profiili_1200x630.png\",\"width\":1201,\"height\":631,\"caption\":\"Senaatti-kiinteist\u00f6t\"},\"image\":{\"@id\":\"https:\/\/www.senaatti.fi\/#\/schema\/logo\/image\/\"},\"sameAs\":[\"https:\/\/www.facebook.com\/SenaattiKiinteistot\/\",\"https:\/\/x.com\/SenaattiK\",\"https:\/\/www.linkedin.com\/company\/senate-properties\",\"https:\/\/www.youtube.com\/channel\/UCunSUhMjKd5KqASPgBrndkQ\"]}]}<\/script>\n<!-- \/ Yoast SEO plugin. -->","yoast_head_json":{"title":"Upphandling - Senaatti","robots":{"index":"noindex","follow":"follow","max-snippet":"max-snippet:-1","max-image-preview":"max-image-preview:large","max-video-preview":"max-video-preview:-1"},"og_locale":"sv_SE","og_type":"article","og_title":"Upphandling - Senaatti","og_description":"[vc_row][vc_column][senaatti_hero heading=&#8221;Upphandling och konkurrensuts\u00e4ttning&#8221; text=&#8221;Senatkoncernen \u00e4r en betydande upphandlare av bygg- och fastighetstj\u00e4nster i Finland och en av Finlands st\u00f6rsta offentliga upphandlingsorganisationer. Vi skaffar tj\u00e4nster och produkter f\u00f6r de aff\u00e4rsverk som h\u00f6r till koncernen.&#8221; image=&#8221;59316&#8243;][\/vc_column][\/vc_row][vc_row][vc_column][vc_column_text remove_empty_space_above=&#8221;true&#8221; remove_empty_space_below=&#8221;true&#8221;]V\u00e5r upphandlingstj\u00e4nst konkurrensuts\u00e4tter offentligt alla varu- och tj\u00e4nsteupphandlingar som \u00f6verstiger det nationella tr\u00f6skelv\u00e4rdet. Entreprenadupphandlingar som h\u00e4nf\u00f6r sig till byggprojekt [&hellip;]","og_url":"https:\/\/testi-e2c55b704894.senaatti.fi\/sv\/om-oss\/upphandling-2\/","og_site_name":"Senaatti","article_publisher":"https:\/\/www.facebook.com\/SenaattiKiinteistot\/","article_modified_time":"2024-10-28T08:10:28+00:00","og_image":[{"width":1024,"height":538,"url":"https:\/\/testi-e2c55b704894.senaatti.fi\/app\/uploads\/2021\/01\/Senaatti_FB_profiili_1200x630-1024x538.png","type":"image\/png"}],"twitter_card":"summary_large_image","twitter_site":"@SenaattiK","twitter_misc":{"Ber\u00e4knad l\u00e4stid":"5 minuter"},"schema":{"@context":"https:\/\/schema.org","@graph":[{"@type":"WebPage","@id":"https:\/\/testi-e2c55b704894.senaatti.fi\/sv\/om-oss\/upphandling-2\/","url":"https:\/\/testi-e2c55b704894.senaatti.fi\/sv\/om-oss\/upphandling-2\/","name":"Upphandling - Senaatti","isPartOf":{"@id":"https:\/\/www.senaatti.fi\/#website"},"datePublished":"2023-05-08T10:12:26+00:00","dateModified":"2024-10-28T08:10:28+00:00","breadcrumb":{"@id":"https:\/\/testi-e2c55b704894.senaatti.fi\/sv\/om-oss\/upphandling-2\/#breadcrumb"},"inLanguage":"sv-SE","potentialAction":[{"@type":"ReadAction","target":["https:\/\/testi-e2c55b704894.senaatti.fi\/sv\/om-oss\/upphandling-2\/"]}]},{"@type":"BreadcrumbList","@id":"https:\/\/testi-e2c55b704894.senaatti.fi\/sv\/om-oss\/upphandling-2\/#breadcrumb","itemListElement":[{"@type":"ListItem","position":1,"name":"Hem","item":"https:\/\/www.senaatti.fi\/sv\/"},{"@type":"ListItem","position":2,"name":"Om oss","item":"https:\/\/www.senaatti.fi\/sv\/om-oss\/"},{"@type":"ListItem","position":3,"name":"Upphandling"}]},{"@type":"WebSite","@id":"https:\/\/www.senaatti.fi\/#website","url":"https:\/\/www.senaatti.fi\/","name":"Senaatti","description":"Just another WordPress site","publisher":{"@id":"https:\/\/www.senaatti.fi\/#organization"},"potentialAction":[{"@type":"SearchAction","target":{"@type":"EntryPoint","urlTemplate":"https:\/\/www.senaatti.fi\/?s={search_term_string}"},"query-input":{"@type":"PropertyValueSpecification","valueRequired":true,"valueName":"search_term_string"}}],"inLanguage":"sv-SE"},{"@type":"Organization","@id":"https:\/\/www.senaatti.fi\/#organization","name":"Senaatti-kiinteist\u00f6t","url":"https:\/\/www.senaatti.fi\/","logo":{"@type":"ImageObject","inLanguage":"sv-SE","@id":"https:\/\/www.senaatti.fi\/#\/schema\/logo\/image\/","url":"https:\/\/testi-e2c55b704894.senaatti.fi\/app\/uploads\/2021\/01\/Senaatti_FB_profiili_1200x630.png","contentUrl":"https:\/\/testi-e2c55b704894.senaatti.fi\/app\/uploads\/2021\/01\/Senaatti_FB_profiili_1200x630.png","width":1201,"height":631,"caption":"Senaatti-kiinteist\u00f6t"},"image":{"@id":"https:\/\/www.senaatti.fi\/#\/schema\/logo\/image\/"},"sameAs":["https:\/\/www.facebook.com\/SenaattiKiinteistot\/","https:\/\/x.com\/SenaattiK","https:\/\/www.linkedin.com\/company\/senate-properties","https:\/\/www.youtube.com\/channel\/UCunSUhMjKd5KqASPgBrndkQ"]}]}},"publishpress_future_action":{"enabled":false,"date":"2026-04-14 19:19:03","action":"change-status","newStatus":"draft","terms":[],"taxonomy":"translation_priority"},"_links":{"self":[{"href":"https:\/\/testi-e2c55b704894.senaatti.fi\/sv\/wp-json\/wp\/v2\/pages\/64311","targetHints":{"allow":["GET"]}}],"collection":[{"href":"https:\/\/testi-e2c55b704894.senaatti.fi\/sv\/wp-json\/wp\/v2\/pages"}],"about":[{"href":"https:\/\/testi-e2c55b704894.senaatti.fi\/sv\/wp-json\/wp\/v2\/types\/page"}],"author":[{"embeddable":true,"href":"https:\/\/testi-e2c55b704894.senaatti.fi\/sv\/wp-json\/wp\/v2\/users\/11"}],"replies":[{"embeddable":true,"href":"https:\/\/testi-e2c55b704894.senaatti.fi\/sv\/wp-json\/wp\/v2\/comments?post=64311"}],"version-history":[{"count":7,"href":"https:\/\/testi-e2c55b704894.senaatti.fi\/sv\/wp-json\/wp\/v2\/pages\/64311\/revisions"}],"predecessor-version":[{"id":77172,"href":"https:\/\/testi-e2c55b704894.senaatti.fi\/sv\/wp-json\/wp\/v2\/pages\/64311\/revisions\/77172"}],"up":[{"embeddable":true,"href":"https:\/\/testi-e2c55b704894.senaatti.fi\/sv\/wp-json\/wp\/v2\/pages\/53451"}],"wp:attachment":[{"href":"https:\/\/testi-e2c55b704894.senaatti.fi\/sv\/wp-json\/wp\/v2\/media?parent=64311"}],"curies":[{"name":"wp","href":"https:\/\/api.w.org\/{rel}","templated":true}]}}