{"id":64318,"date":"2023-05-24T12:31:13","date_gmt":"2023-05-24T09:31:13","guid":{"rendered":"https:\/\/testi-e2c55b704894.senaatti.fi\/?page_id=64318"},"modified":"2024-02-01T13:44:39","modified_gmt":"2024-02-01T11:44:39","slug":"ekonomi","status":"publish","type":"page","link":"https:\/\/testi-e2c55b704894.senaatti.fi\/sv\/om-oss\/ekonomi\/","title":{"rendered":"Ekonomi"},"content":{"rendered":"<div class=\"wpb-content-wrapper\"><p>[vc_row][vc_column][senaatti_hero heading=&#8221;Ekonomi&#8221; image=&#8221;36901&#8243; text=&#8221;Senatfastigheter \u00e4r en aff\u00e4rsverkskoncern som lyder under finansministeriet och som finansierar sin verksamhet sj\u00e4lv och som inte ing\u00e5r i statens egentliga budgetekonomi. Staten till\u00e4mpar sj\u00e4lvkostnadsbaserade hyror, vilket inneb\u00e4r att Senatfastigheter med hyran m\u00e5ste kunna betala alla kostnader f\u00f6r fastigheterna, s\u00e5som totalrenoveringar av fastigheterna, underh\u00e5ll, l\u00e5nekostnader och fastighetsskatter. Senatfastigheter g\u00f6r ingen vinst p\u00e5 statskundernas hyror. Ekonomiskt ansvar i Senatfastigheter inneb\u00e4r en effektiv anv\u00e4ndning av fastighetsf\u00f6rm\u00f6genheten och att dess v\u00e4rde bevaras.&#8221;][\/vc_column][\/vc_row][vc_row][vc_column][vc_column_text remove_empty_space_above=&#8221;true&#8221; remove_empty_space_below=&#8221;true&#8221;]Finansministeriet uppst\u00e4ller \u00e5rligen ekonomiska och operativa m\u00e5l f\u00f6r Senatfastigheter och f\u00f6rsvarsministeriet f\u00f6r F\u00f6rsvarsfastigheter. Finansministeriet beslutar ocks\u00e5 om det \u00e5rliga int\u00e4ktsm\u00e5let och riksdagen fastst\u00e4ller ut\u00f6ver servicem\u00e5len ocks\u00e5 investeringarnas maximibelopp.<\/p>\n<p>Investeringarna i kundernas lokaler har under de senaste \u00e5ren legat p\u00e5 drygt 400 miljoner euro, i forts\u00e4ttningen stiger investeringarna till 600-700 miljoner euro. Int\u00e4ktsf\u00f6ringen till staten har i genomsnitt varit 35 miljoner euro per \u00e5r. Int\u00e4ktsf\u00f6ringen best\u00e5r av f\u00f6rs\u00e4ljning av fastigheter och avkastning av lokaler som hyrts ut till icke-statliga akt\u00f6rer.[\/vc_column_text][\/vc_column][\/vc_row][vc_row][vc_column][vc_column_text remove_empty_space_above=&#8221;true&#8221;]<\/p>\n<h2>Ansvarsfull upphandling<\/h2>\n<p>Vi h\u00f6r till de st\u00f6rsta offentliga upphandlingsorganisationerna i Finland. V\u00e5r \u00e5rliga upphandling \u00e4r drygt 800 miljoner euro. De st\u00f6rsta upphandlingarna g\u00e4ller byggnadsinvesteringar och fastighetsunderh\u00e5ll. Vi syssels\u00e4tter i synnerhet akt\u00f6rer inom byggnads- och fastighetsbranschen, och de k\u00f6pta tj\u00e4nsternas syssels\u00e4ttningseffekter var cirka 6 000 \u00e5rsverken \u00e5r 2022.<\/p>\n<p>Genom effektiva upphandlingspraxis s\u00e4kerst\u00e4ller vi kostnadseffektiviteten hos de tj\u00e4nster och produkter som k\u00f6ps, en h\u00f6g kvalitet och leverant\u00f6rernas ansvarsfulla tillv\u00e4gag\u00e5ngss\u00e4tt. Genom att st\u00e4lla h\u00f6ga krav p\u00e5 produkternas och tj\u00e4nsternas milj\u00f6faktorer och p\u00e5 leverant\u00f6rernas ansvarstagande fr\u00e4mjar vi en h\u00e5llbar utveckling i hela samh\u00e4llet.[\/vc_column_text][\/vc_column][\/vc_row][vc_row][vc_column][senaatti_liftcards card=&#8221;%5B%7B%22label%22%3A%22Uthyrning%22%2C%22link%22%3A%22url%3Ahttps%253A%252F%252Ftesti-e2c55b704894.senaatti.fi%252Fsv%252Fom-oss%252Futhyrning%252F%7Ctitle%3AL%25C3%25A4s%2520mer%22%2C%22description%22%3A%22Senatfastigheter%20f%C3%B6rvaltar%20drygt%209000%20byggnader.%20Vi%20hyr%20ut%20verksamhetslokaler%20till%20statliga%20verk%20och%20institutioner%20och%20producerar%20fastighetstj%C3%A4nster%20efter%20kundernas%20behov.%22%2C%22image%22%3A%2210892%22%7D%2C%7B%22label%22%3A%22Upphandling%22%2C%22link%22%3A%22url%3Ahttps%253A%252F%252Ftesti-e2c55b704894.senaatti.fi%252Fsv%252Fom-oss%252Fekonomi%252Fupphandling%252F%7Ctitle%3AL%25C3%25A4s%2520mer%22%2C%22description%22%3A%22V%C3%A5r%20upphandling%20%C3%A4r%20m%C3%A5ngsidig.%20Vi%20skaffar%20bland%20annat%20tj%C3%A4nster%20som%20produceras%20f%C3%B6r%20kunderna%20och%20som%20beh%C3%B6vs%20internt%2C%20tj%C3%A4nster%20och%20varor%20i%20anslutning%20till%20byggande%2C%20underh%C3%A5ll%2C%20service%20och%20reparation%20av%20fastigheter%20samt%20informationsf%C3%B6rvaltning.%22%2C%22image%22%3A%2259316%22%7D%2C%7B%22label%22%3A%22Faktureringsanvisningar%22%2C%22link%22%3A%22url%3Ahttps%253A%252F%252Ftesti-e2c55b704894.senaatti.fi%252Ftietoa-meista%252Ftalous%252Flaskutusohjeet%252F%7Ctitle%3AG%25C3%25A5%2520till%2520faktureringsanvisningar%22%2C%22description%22%3A%22Senatfastigheter%20behandlar%20ink%C3%B6psfakturorna%20elektroniskt.%20Vi%20anv%C3%A4nder%20ett%20elektroniskt%20system%20f%C3%B6r%20hantering%20av%20fakturor%20och%20best%C3%A4llningar%2C%20Handia.%20Vid%20konkurrensuts%C3%A4ttning%20av%20leverant%C3%B6rer%20av%20varor%20och%20tj%C3%A4nster%20%C3%A4r%20leverant%C3%B6rens%20beredskap%20att%20skicka%20n%C3%A4tfakturor%20ett%20viktigt%20urvalskriterium.%22%2C%22image%22%3A%227331%22%7D%5D&#8221;][\/vc_column][\/vc_row]<\/p>\n<\/div>","protected":false},"excerpt":{"rendered":"<p>[vc_row][vc_column][senaatti_hero heading=&#8221;Ekonomi&#8221; image=&#8221;36901&#8243; text=&#8221;Senatfastigheter \u00e4r en aff\u00e4rsverkskoncern som lyder under finansministeriet och som finansierar sin verksamhet sj\u00e4lv och som inte ing\u00e5r i statens egentliga budgetekonomi. Staten till\u00e4mpar sj\u00e4lvkostnadsbaserade hyror, vilket inneb\u00e4r att Senatfastigheter med hyran m\u00e5ste kunna betala alla kostnader f\u00f6r fastigheterna, s\u00e5som totalrenoveringar av fastigheterna, underh\u00e5ll, l\u00e5nekostnader och fastighetsskatter. Senatfastigheter g\u00f6r ingen vinst p\u00e5 [&hellip;]<\/p>\n","protected":false},"author":11,"featured_media":0,"parent":53451,"menu_order":0,"comment_status":"closed","ping_status":"closed","template":"","meta":{"_acf_changed":false,"footnotes":""},"class_list":["post-64318","page","type-page","status-publish","hentry"],"acf":[],"yoast_head":"<!-- This site is optimized with the Yoast SEO plugin v23.9 - https:\/\/yoast.com\/wordpress\/plugins\/seo\/ -->\n<title>Ekonomi - Senaatti<\/title>\n<meta name=\"robots\" content=\"noindex, follow, max-snippet:-1, max-image-preview:large, max-video-preview:-1\" \/>\n<meta property=\"og:locale\" content=\"sv_SE\" \/>\n<meta property=\"og:type\" content=\"article\" \/>\n<meta property=\"og:title\" content=\"Ekonomi - Senaatti\" \/>\n<meta property=\"og:description\" content=\"[vc_row][vc_column][senaatti_hero heading=&#8221;Ekonomi&#8221; image=&#8221;36901&#8243; text=&#8221;Senatfastigheter \u00e4r en aff\u00e4rsverkskoncern som lyder under finansministeriet och som finansierar sin verksamhet sj\u00e4lv och som inte ing\u00e5r i statens egentliga budgetekonomi. Staten till\u00e4mpar sj\u00e4lvkostnadsbaserade hyror, vilket inneb\u00e4r att Senatfastigheter med hyran m\u00e5ste kunna betala alla kostnader f\u00f6r fastigheterna, s\u00e5som totalrenoveringar av fastigheterna, underh\u00e5ll, l\u00e5nekostnader och fastighetsskatter. Senatfastigheter g\u00f6r ingen vinst p\u00e5 [&hellip;]\" \/>\n<meta property=\"og:url\" content=\"https:\/\/testi-e2c55b704894.senaatti.fi\/sv\/om-oss\/ekonomi\/\" \/>\n<meta property=\"og:site_name\" content=\"Senaatti\" \/>\n<meta property=\"article:publisher\" content=\"https:\/\/www.facebook.com\/SenaattiKiinteistot\/\" \/>\n<meta property=\"article:modified_time\" content=\"2024-02-01T11:44:39+00:00\" \/>\n<meta property=\"og:image\" content=\"https:\/\/testi-e2c55b704894.senaatti.fi\/app\/uploads\/2021\/01\/Senaatti_FB_profiili_1200x630-1024x538.png\" \/>\n\t<meta property=\"og:image:width\" content=\"1024\" \/>\n\t<meta property=\"og:image:height\" content=\"538\" \/>\n\t<meta property=\"og:image:type\" content=\"image\/png\" \/>\n<meta name=\"twitter:card\" content=\"summary_large_image\" \/>\n<meta name=\"twitter:site\" content=\"@SenaattiK\" \/>\n<meta name=\"twitter:label1\" content=\"Ber\u00e4knad l\u00e4stid\" \/>\n\t<meta name=\"twitter:data1\" content=\"2 minuter\" \/>\n<script type=\"application\/ld+json\" class=\"yoast-schema-graph\">{\"@context\":\"https:\/\/schema.org\",\"@graph\":[{\"@type\":\"WebPage\",\"@id\":\"https:\/\/testi-e2c55b704894.senaatti.fi\/sv\/om-oss\/ekonomi\/\",\"url\":\"https:\/\/testi-e2c55b704894.senaatti.fi\/sv\/om-oss\/ekonomi\/\",\"name\":\"Ekonomi - Senaatti\",\"isPartOf\":{\"@id\":\"https:\/\/www.senaatti.fi\/#website\"},\"datePublished\":\"2023-05-24T09:31:13+00:00\",\"dateModified\":\"2024-02-01T11:44:39+00:00\",\"breadcrumb\":{\"@id\":\"https:\/\/testi-e2c55b704894.senaatti.fi\/sv\/om-oss\/ekonomi\/#breadcrumb\"},\"inLanguage\":\"sv-SE\",\"potentialAction\":[{\"@type\":\"ReadAction\",\"target\":[\"https:\/\/testi-e2c55b704894.senaatti.fi\/sv\/om-oss\/ekonomi\/\"]}]},{\"@type\":\"BreadcrumbList\",\"@id\":\"https:\/\/testi-e2c55b704894.senaatti.fi\/sv\/om-oss\/ekonomi\/#breadcrumb\",\"itemListElement\":[{\"@type\":\"ListItem\",\"position\":1,\"name\":\"Hem\",\"item\":\"https:\/\/www.senaatti.fi\/sv\/\"},{\"@type\":\"ListItem\",\"position\":2,\"name\":\"Om oss\",\"item\":\"https:\/\/www.senaatti.fi\/sv\/om-oss\/\"},{\"@type\":\"ListItem\",\"position\":3,\"name\":\"Ekonomi\"}]},{\"@type\":\"WebSite\",\"@id\":\"https:\/\/www.senaatti.fi\/#website\",\"url\":\"https:\/\/www.senaatti.fi\/\",\"name\":\"Senaatti\",\"description\":\"Just another WordPress site\",\"publisher\":{\"@id\":\"https:\/\/www.senaatti.fi\/#organization\"},\"potentialAction\":[{\"@type\":\"SearchAction\",\"target\":{\"@type\":\"EntryPoint\",\"urlTemplate\":\"https:\/\/www.senaatti.fi\/?s={search_term_string}\"},\"query-input\":{\"@type\":\"PropertyValueSpecification\",\"valueRequired\":true,\"valueName\":\"search_term_string\"}}],\"inLanguage\":\"sv-SE\"},{\"@type\":\"Organization\",\"@id\":\"https:\/\/www.senaatti.fi\/#organization\",\"name\":\"Senaatti-kiinteist\u00f6t\",\"url\":\"https:\/\/www.senaatti.fi\/\",\"logo\":{\"@type\":\"ImageObject\",\"inLanguage\":\"sv-SE\",\"@id\":\"https:\/\/www.senaatti.fi\/#\/schema\/logo\/image\/\",\"url\":\"https:\/\/testi-e2c55b704894.senaatti.fi\/app\/uploads\/2021\/01\/Senaatti_FB_profiili_1200x630.png\",\"contentUrl\":\"https:\/\/testi-e2c55b704894.senaatti.fi\/app\/uploads\/2021\/01\/Senaatti_FB_profiili_1200x630.png\",\"width\":1201,\"height\":631,\"caption\":\"Senaatti-kiinteist\u00f6t\"},\"image\":{\"@id\":\"https:\/\/www.senaatti.fi\/#\/schema\/logo\/image\/\"},\"sameAs\":[\"https:\/\/www.facebook.com\/SenaattiKiinteistot\/\",\"https:\/\/x.com\/SenaattiK\",\"https:\/\/www.linkedin.com\/company\/senate-properties\",\"https:\/\/www.youtube.com\/channel\/UCunSUhMjKd5KqASPgBrndkQ\"]}]}<\/script>\n<!-- \/ Yoast SEO plugin. -->","yoast_head_json":{"title":"Ekonomi - Senaatti","robots":{"index":"noindex","follow":"follow","max-snippet":"max-snippet:-1","max-image-preview":"max-image-preview:large","max-video-preview":"max-video-preview:-1"},"og_locale":"sv_SE","og_type":"article","og_title":"Ekonomi - Senaatti","og_description":"[vc_row][vc_column][senaatti_hero heading=&#8221;Ekonomi&#8221; image=&#8221;36901&#8243; text=&#8221;Senatfastigheter \u00e4r en aff\u00e4rsverkskoncern som lyder under finansministeriet och som finansierar sin verksamhet sj\u00e4lv och som inte ing\u00e5r i statens egentliga budgetekonomi. Staten till\u00e4mpar sj\u00e4lvkostnadsbaserade hyror, vilket inneb\u00e4r att Senatfastigheter med hyran m\u00e5ste kunna betala alla kostnader f\u00f6r fastigheterna, s\u00e5som totalrenoveringar av fastigheterna, underh\u00e5ll, l\u00e5nekostnader och fastighetsskatter. Senatfastigheter g\u00f6r ingen vinst p\u00e5 [&hellip;]","og_url":"https:\/\/testi-e2c55b704894.senaatti.fi\/sv\/om-oss\/ekonomi\/","og_site_name":"Senaatti","article_publisher":"https:\/\/www.facebook.com\/SenaattiKiinteistot\/","article_modified_time":"2024-02-01T11:44:39+00:00","og_image":[{"width":1024,"height":538,"url":"https:\/\/testi-e2c55b704894.senaatti.fi\/app\/uploads\/2021\/01\/Senaatti_FB_profiili_1200x630-1024x538.png","type":"image\/png"}],"twitter_card":"summary_large_image","twitter_site":"@SenaattiK","twitter_misc":{"Ber\u00e4knad l\u00e4stid":"2 minuter"},"schema":{"@context":"https:\/\/schema.org","@graph":[{"@type":"WebPage","@id":"https:\/\/testi-e2c55b704894.senaatti.fi\/sv\/om-oss\/ekonomi\/","url":"https:\/\/testi-e2c55b704894.senaatti.fi\/sv\/om-oss\/ekonomi\/","name":"Ekonomi - Senaatti","isPartOf":{"@id":"https:\/\/www.senaatti.fi\/#website"},"datePublished":"2023-05-24T09:31:13+00:00","dateModified":"2024-02-01T11:44:39+00:00","breadcrumb":{"@id":"https:\/\/testi-e2c55b704894.senaatti.fi\/sv\/om-oss\/ekonomi\/#breadcrumb"},"inLanguage":"sv-SE","potentialAction":[{"@type":"ReadAction","target":["https:\/\/testi-e2c55b704894.senaatti.fi\/sv\/om-oss\/ekonomi\/"]}]},{"@type":"BreadcrumbList","@id":"https:\/\/testi-e2c55b704894.senaatti.fi\/sv\/om-oss\/ekonomi\/#breadcrumb","itemListElement":[{"@type":"ListItem","position":1,"name":"Hem","item":"https:\/\/www.senaatti.fi\/sv\/"},{"@type":"ListItem","position":2,"name":"Om oss","item":"https:\/\/www.senaatti.fi\/sv\/om-oss\/"},{"@type":"ListItem","position":3,"name":"Ekonomi"}]},{"@type":"WebSite","@id":"https:\/\/www.senaatti.fi\/#website","url":"https:\/\/www.senaatti.fi\/","name":"Senaatti","description":"Just another WordPress site","publisher":{"@id":"https:\/\/www.senaatti.fi\/#organization"},"potentialAction":[{"@type":"SearchAction","target":{"@type":"EntryPoint","urlTemplate":"https:\/\/www.senaatti.fi\/?s={search_term_string}"},"query-input":{"@type":"PropertyValueSpecification","valueRequired":true,"valueName":"search_term_string"}}],"inLanguage":"sv-SE"},{"@type":"Organization","@id":"https:\/\/www.senaatti.fi\/#organization","name":"Senaatti-kiinteist\u00f6t","url":"https:\/\/www.senaatti.fi\/","logo":{"@type":"ImageObject","inLanguage":"sv-SE","@id":"https:\/\/www.senaatti.fi\/#\/schema\/logo\/image\/","url":"https:\/\/testi-e2c55b704894.senaatti.fi\/app\/uploads\/2021\/01\/Senaatti_FB_profiili_1200x630.png","contentUrl":"https:\/\/testi-e2c55b704894.senaatti.fi\/app\/uploads\/2021\/01\/Senaatti_FB_profiili_1200x630.png","width":1201,"height":631,"caption":"Senaatti-kiinteist\u00f6t"},"image":{"@id":"https:\/\/www.senaatti.fi\/#\/schema\/logo\/image\/"},"sameAs":["https:\/\/www.facebook.com\/SenaattiKiinteistot\/","https:\/\/x.com\/SenaattiK","https:\/\/www.linkedin.com\/company\/senate-properties","https:\/\/www.youtube.com\/channel\/UCunSUhMjKd5KqASPgBrndkQ"]}]}},"publishpress_future_action":{"enabled":false,"date":"2026-05-03 10:26:04","action":"change-status","newStatus":"draft","terms":[],"taxonomy":"translation_priority"},"_links":{"self":[{"href":"https:\/\/testi-e2c55b704894.senaatti.fi\/sv\/wp-json\/wp\/v2\/pages\/64318","targetHints":{"allow":["GET"]}}],"collection":[{"href":"https:\/\/testi-e2c55b704894.senaatti.fi\/sv\/wp-json\/wp\/v2\/pages"}],"about":[{"href":"https:\/\/testi-e2c55b704894.senaatti.fi\/sv\/wp-json\/wp\/v2\/types\/page"}],"author":[{"embeddable":true,"href":"https:\/\/testi-e2c55b704894.senaatti.fi\/sv\/wp-json\/wp\/v2\/users\/11"}],"replies":[{"embeddable":true,"href":"https:\/\/testi-e2c55b704894.senaatti.fi\/sv\/wp-json\/wp\/v2\/comments?post=64318"}],"version-history":[{"count":3,"href":"https:\/\/testi-e2c55b704894.senaatti.fi\/sv\/wp-json\/wp\/v2\/pages\/64318\/revisions"}],"predecessor-version":[{"id":64384,"href":"https:\/\/testi-e2c55b704894.senaatti.fi\/sv\/wp-json\/wp\/v2\/pages\/64318\/revisions\/64384"}],"up":[{"embeddable":true,"href":"https:\/\/testi-e2c55b704894.senaatti.fi\/sv\/wp-json\/wp\/v2\/pages\/53451"}],"wp:attachment":[{"href":"https:\/\/testi-e2c55b704894.senaatti.fi\/sv\/wp-json\/wp\/v2\/media?parent=64318"}],"curies":[{"name":"wp","href":"https:\/\/api.w.org\/{rel}","templated":true}]}}