{"id":70647,"date":"2024-04-18T10:51:02","date_gmt":"2024-04-18T07:51:02","guid":{"rendered":"https:\/\/testi-e2c55b704894.senaatti.fi\/?page_id=70647"},"modified":"2024-04-18T10:51:02","modified_gmt":"2024-04-18T07:51:02","slug":"anvandarvillkor-for-e-tjanst","status":"publish","type":"page","link":"https:\/\/testi-e2c55b704894.senaatti.fi\/sv\/anvandarvillkor-for-e-tjanst\/","title":{"rendered":"Anv\u00e4ndarvillkor f\u00f6r e-tj\u00e4nst"},"content":{"rendered":"<div class=\"wpb-content-wrapper\"><p>[vc_row][vc_column][senaatti_hero heading=&#8221;Anv\u00e4ndarvillkor f\u00f6r e-tj\u00e4nst&#8221;][\/vc_column][\/vc_row][vc_row][vc_column][vc_column_text remove_empty_space_above=&#8221;true&#8221;]<\/p>\n<h2>Allm\u00e4nt<\/h2>\n<p>Senatkoncernens e-tj\u00e4nst (nedan e-tj\u00e4nst) \u00e4r en servicekanal f\u00f6r Senatkoncernens digitala tj\u00e4nster. Via den kan anv\u00e4ndarna logga in i Senatfastigheters och F\u00f6rsvarsfastigheters digitala tj\u00e4nster. Tillg\u00e4ngliga e-tj\u00e4nster \u00e4r t.ex. Servicebeg\u00e4ran, Bokning av m\u00f6tesrum och Extran\u00e4t.<\/p>\n<p>N\u00e4r anv\u00e4ndaren registrerar sig som anv\u00e4ndare av e-tj\u00e4nst godk\u00e4nner hen dessa anv\u00e4ndarvillkor i sin helhet och f\u00f6rbinder sig att f\u00f6lja dem.<\/p>\n<h2>Registrering i e-tj\u00e4nst<\/h2>\n<p>Registreringen i e-tj\u00e4nst kr\u00e4ver en fungerande e-postadress och ett telefonnummer som \u00e4r kopplade till en identifierad organisation som \u00e4r kund hos Senatfastigheter eller F\u00f6rsvarsfastigheter. Anv\u00e4ndare som anslutit sig till f\u00f6rtroenden\u00e4tet Virtu kan registrera sig och logga in i tj\u00e4nsten med sina Virtu-koder.<\/p>\n<p>Inom statsf\u00f6rvaltningens interna webbtj\u00e4nster ska anv\u00e4ndarna alltid identifieras. E-postadressen eller Virtu-koden verifierar att e-tj\u00e4nstens anv\u00e4ndare \u00e4r representant av kundorganisation hos Senatkoncernen. ID-koderna \u00e4r avsedda endast f\u00f6r personligt bruk och anv\u00e4ndaren anv\u00e4nder tj\u00e4nsten i eget namn.<\/p>\n<h2>Anv\u00e4ndarens r\u00e4ttigheter och ansvar<\/h2>\n<p>N\u00e4r anv\u00e4ndaren registrerar sig i e-tj\u00e4nst f\u00e5r hen \u00e5tkomstr\u00e4tt till s\u00e4rskilt angivna tj\u00e4nster. R\u00e4tten att anv\u00e4nda tj\u00e4nsterna fastst\u00e4lls av Senatfastigheter. N\u00e4r anv\u00e4ndaren f\u00e5r \u00e5tkomstr\u00e4ttigheter till extran\u00e4tet f\u00f6rbinder sig hen att iaktta de avtalsvillkor som h\u00e4nf\u00f6r sig till anv\u00e4ndningen av HTH-informationstj\u00e4nsten, som utg\u00f6r extran\u00e4tets informationsk\u00e4lla.<\/p>\n<ul>\n<li>Anv\u00e4ndaren ansvarar f\u00f6r att hen har de r\u00e4ttigheter som beh\u00f6vs f\u00f6r att f\u00f6retr\u00e4da arbetsgivaren i e-tj\u00e4nst.<\/li>\n<li>Anv\u00e4ndaren ansvarar f\u00f6r alla \u00e5tg\u00e4rder som vidtas med hens koder i e-tj\u00e4nst.<\/li>\n<li>Anv\u00e4ndaren ansvarar f\u00f6r att l\u00f6senordet, anv\u00e4ndarnamnet eller n\u00e5gon annan motsvarande uppgift inte hamnar i fel h\u00e4nder.<\/li>\n<li>I fr\u00e5ga om behandlingen av sekretessbelagda uppgifter ska det som senare angetts i dessa villkor i avsnittet Behandling av sekretessbelagda uppgifter beaktas.<\/li>\n<\/ul>\n<h2>Senatfastigheters r\u00e4ttigheter och ansvar<\/h2>\n<p>Senatfastigheter har r\u00e4tt att \u00f6vervaka anv\u00e4ndningen av e-tj\u00e4nst. Senatfastigheters administrat\u00f6r kan vid behov granska anv\u00e4ndarnas aktiviteter i e-tj\u00e4nstens applikationer och reagera p\u00e5 eventuella missbruk.<\/p>\n<p>Senatfastigheter har r\u00e4tt att anv\u00e4nda de uppgifter som genereras i e-tj\u00e4nst f\u00f6r att hantera kundrelationer, insamlingen av respons, styrningen av tj\u00e4nsteproducenterna och utvecklingen av tj\u00e4nsterna. Uppgifterna l\u00e4mnas inte ut till tredje part i marknadsf\u00f6ringssyfte.<\/p>\n<p>Senatfastigheter ansvarar inte f\u00f6r eventuella indirekta eller direkta skador som orsakas av felaktigt inneh\u00e5ll eller fel i de uppgifter som anv\u00e4ndarna har lagt till, raderat eller bearbetat i e-tj\u00e4nst eller av \u00e5tg\u00e4rder som strider mot dessa anv\u00e4ndarvillkor.<\/p>\n<p>Senatfastigheter har r\u00e4tt att \u00e4ndra anv\u00e4ndarens r\u00e4ttigheter eller helt ta bort anv\u00e4ndarens r\u00e4ttigheter t.ex. p\u00e5 grund av missbruk eller om anv\u00e4ndarnamnet inte har anv\u00e4nts i minst ett \u00e5r. Missbruk kan vara t.ex. att f\u00f6rekomma i en annan anv\u00e4ndares namn.<\/p>\n<h2>Behandling av sekretessbelagda uppgifter och personuppgifter<\/h2>\n<p>Anv\u00e4ndaren f\u00f6rbinder sig att iaktta g\u00e4llande f\u00f6rfattningar om sekretess och tystnadsplikt i fr\u00e5ga om uppgifter, s\u00e5som lagen om offentlighet i myndigheternas verksamhet (621\/1999) och statsr\u00e5dets f\u00f6rordning om informationss\u00e4kerhet inom statsf\u00f6rvaltningen (681\/2010).<\/p>\n<p>E-tj\u00e4nsten \u00e4r endast avsett f\u00f6r behandling och f\u00f6rmedling av offentlig information. Anv\u00e4ndaren f\u00f6rbinder sig att inte f\u00f6ra in uppgifter som \u00e4r sekretessbelagda enligt offentlighetslagen eller f\u00f6rfattningar, andra f\u00f6rfattningar eller avtal som utf\u00e4rdats med st\u00f6d av den. Ett undantag utg\u00f6r e-tj\u00e4nstens extran\u00e4t, d\u00e4r man ocks\u00e5 kan behandla handlingar som \u00e4r sekretessbelagda enligt informationshanteringslagen eller som klassificerats enligt SK IV i enlighet med s\u00e4kerhetsklassificeringsf\u00f6rordningen. R\u00e4tten att anv\u00e4nda extran\u00e4ttj\u00e4nsten \u00e4r begr\u00e4nsad till att den som anv\u00e4nder tj\u00e4nsten inte kan se eller behandla uppgifter om anv\u00e4ndare i andra organisationer.<\/p>\n<p>Personuppgifter ska behandlas p\u00e5 det s\u00e4tt som f\u00f6ruts\u00e4tts i Europaparlamentets och r\u00e5dets f\u00f6rordning (EU) 2016\/679 (allm\u00e4n dataskyddsf\u00f6rordning) och i den nationella dataskyddslagen (1050\/2018).<\/p>\n<p><a href=\"https:\/\/testi-e2c55b704894.senaatti.fi\/sv\/registerbeskrivning-for-senatkoncernens-e-tjanst\/\" target=\"_blank\" rel=\"noopener\">Registerbeskrivning f\u00f6r e-tj\u00e4nst<\/a><\/p>\n<p><a href=\"https:\/\/testi-e2c55b704894.senaatti.fi\/sv\/registerbeskrivning-for-identitets-och-atkomsthantering\/\" target=\"_blank\" rel=\"noopener\">Registerbeskrivining f\u00f6r identitets- och \u00e5tkomsthantering (IAM)<\/a><\/p>\n<h2>Drift- och underh\u00e5llsavbrott<\/h2>\n<p>Driftsavbrott \u00e4r m\u00f6jliga p\u00e5 grund av underh\u00e5ll, uppdatering av systemet eller av n\u00e5gon annan orsak. Senatfastigheter str\u00e4var efter att informera om planerade drifts- och underh\u00e5llsavbrott. Underh\u00e5llsavbrotten f\u00f6rl\u00e4ggs i f\u00f6rsta hand till mellan kl. 17.00 och 8.00.[\/vc_column_text][\/vc_column][\/vc_row]<\/p>\n<\/div>","protected":false},"excerpt":{"rendered":"<p>[vc_row][vc_column][senaatti_hero heading=&#8221;Anv\u00e4ndarvillkor f\u00f6r e-tj\u00e4nst&#8221;][\/vc_column][\/vc_row][vc_row][vc_column][vc_column_text remove_empty_space_above=&#8221;true&#8221;] Allm\u00e4nt Senatkoncernens e-tj\u00e4nst (nedan e-tj\u00e4nst) \u00e4r en servicekanal f\u00f6r Senatkoncernens digitala tj\u00e4nster. Via den kan anv\u00e4ndarna logga in i Senatfastigheters och F\u00f6rsvarsfastigheters digitala tj\u00e4nster. Tillg\u00e4ngliga e-tj\u00e4nster \u00e4r t.ex. Servicebeg\u00e4ran, Bokning av m\u00f6tesrum och Extran\u00e4t. N\u00e4r anv\u00e4ndaren registrerar sig som anv\u00e4ndare av e-tj\u00e4nst godk\u00e4nner hen dessa anv\u00e4ndarvillkor i sin helhet och [&hellip;]<\/p>\n","protected":false},"author":11,"featured_media":0,"parent":0,"menu_order":0,"comment_status":"closed","ping_status":"closed","template":"","meta":{"_acf_changed":false,"footnotes":""},"class_list":["post-70647","page","type-page","status-publish","hentry"],"acf":[],"yoast_head":"<!-- This site is optimized with the Yoast SEO plugin v23.9 - https:\/\/yoast.com\/wordpress\/plugins\/seo\/ -->\n<title>Anv\u00e4ndarvillkor f\u00f6r e-tj\u00e4nst - Senaatti<\/title>\n<meta name=\"robots\" content=\"noindex, follow, max-snippet:-1, max-image-preview:large, max-video-preview:-1\" \/>\n<meta property=\"og:locale\" content=\"sv_SE\" \/>\n<meta property=\"og:type\" content=\"article\" \/>\n<meta property=\"og:title\" content=\"Anv\u00e4ndarvillkor f\u00f6r e-tj\u00e4nst - Senaatti\" \/>\n<meta property=\"og:description\" content=\"[vc_row][vc_column][senaatti_hero heading=&#8221;Anv\u00e4ndarvillkor f\u00f6r e-tj\u00e4nst&#8221;][\/vc_column][\/vc_row][vc_row][vc_column][vc_column_text remove_empty_space_above=&#8221;true&#8221;] Allm\u00e4nt Senatkoncernens e-tj\u00e4nst (nedan e-tj\u00e4nst) \u00e4r en servicekanal f\u00f6r Senatkoncernens digitala tj\u00e4nster. Via den kan anv\u00e4ndarna logga in i Senatfastigheters och F\u00f6rsvarsfastigheters digitala tj\u00e4nster. Tillg\u00e4ngliga e-tj\u00e4nster \u00e4r t.ex. Servicebeg\u00e4ran, Bokning av m\u00f6tesrum och Extran\u00e4t. N\u00e4r anv\u00e4ndaren registrerar sig som anv\u00e4ndare av e-tj\u00e4nst godk\u00e4nner hen dessa anv\u00e4ndarvillkor i sin helhet och [&hellip;]\" \/>\n<meta property=\"og:url\" content=\"https:\/\/testi-e2c55b704894.senaatti.fi\/sv\/anvandarvillkor-for-e-tjanst\/\" \/>\n<meta property=\"og:site_name\" content=\"Senaatti\" \/>\n<meta property=\"article:publisher\" content=\"https:\/\/www.facebook.com\/SenaattiKiinteistot\/\" \/>\n<meta property=\"og:image\" content=\"https:\/\/testi-e2c55b704894.senaatti.fi\/app\/uploads\/2021\/01\/Senaatti_FB_profiili_1200x630-1024x538.png\" \/>\n\t<meta property=\"og:image:width\" content=\"1024\" \/>\n\t<meta property=\"og:image:height\" content=\"538\" \/>\n\t<meta property=\"og:image:type\" content=\"image\/png\" \/>\n<meta name=\"twitter:card\" content=\"summary_large_image\" \/>\n<meta name=\"twitter:site\" content=\"@SenaattiK\" \/>\n<meta name=\"twitter:label1\" content=\"Ber\u00e4knad l\u00e4stid\" \/>\n\t<meta name=\"twitter:data1\" content=\"4 minuter\" \/>\n<script type=\"application\/ld+json\" class=\"yoast-schema-graph\">{\"@context\":\"https:\/\/schema.org\",\"@graph\":[{\"@type\":\"WebPage\",\"@id\":\"https:\/\/testi-e2c55b704894.senaatti.fi\/sv\/anvandarvillkor-for-e-tjanst\/\",\"url\":\"https:\/\/testi-e2c55b704894.senaatti.fi\/sv\/anvandarvillkor-for-e-tjanst\/\",\"name\":\"Anv\u00e4ndarvillkor f\u00f6r e-tj\u00e4nst - Senaatti\",\"isPartOf\":{\"@id\":\"https:\/\/www.senaatti.fi\/#website\"},\"datePublished\":\"2024-04-18T07:51:02+00:00\",\"dateModified\":\"2024-04-18T07:51:02+00:00\",\"breadcrumb\":{\"@id\":\"https:\/\/testi-e2c55b704894.senaatti.fi\/sv\/anvandarvillkor-for-e-tjanst\/#breadcrumb\"},\"inLanguage\":\"sv-SE\",\"potentialAction\":[{\"@type\":\"ReadAction\",\"target\":[\"https:\/\/testi-e2c55b704894.senaatti.fi\/sv\/anvandarvillkor-for-e-tjanst\/\"]}]},{\"@type\":\"BreadcrumbList\",\"@id\":\"https:\/\/testi-e2c55b704894.senaatti.fi\/sv\/anvandarvillkor-for-e-tjanst\/#breadcrumb\",\"itemListElement\":[{\"@type\":\"ListItem\",\"position\":1,\"name\":\"Hem\",\"item\":\"https:\/\/www.senaatti.fi\/sv\/\"},{\"@type\":\"ListItem\",\"position\":2,\"name\":\"Anv\u00e4ndarvillkor f\u00f6r e-tj\u00e4nst\"}]},{\"@type\":\"WebSite\",\"@id\":\"https:\/\/www.senaatti.fi\/#website\",\"url\":\"https:\/\/www.senaatti.fi\/\",\"name\":\"Senaatti\",\"description\":\"Just another WordPress site\",\"publisher\":{\"@id\":\"https:\/\/www.senaatti.fi\/#organization\"},\"potentialAction\":[{\"@type\":\"SearchAction\",\"target\":{\"@type\":\"EntryPoint\",\"urlTemplate\":\"https:\/\/www.senaatti.fi\/?s={search_term_string}\"},\"query-input\":{\"@type\":\"PropertyValueSpecification\",\"valueRequired\":true,\"valueName\":\"search_term_string\"}}],\"inLanguage\":\"sv-SE\"},{\"@type\":\"Organization\",\"@id\":\"https:\/\/www.senaatti.fi\/#organization\",\"name\":\"Senaatti-kiinteist\u00f6t\",\"url\":\"https:\/\/www.senaatti.fi\/\",\"logo\":{\"@type\":\"ImageObject\",\"inLanguage\":\"sv-SE\",\"@id\":\"https:\/\/www.senaatti.fi\/#\/schema\/logo\/image\/\",\"url\":\"https:\/\/testi-e2c55b704894.senaatti.fi\/app\/uploads\/2021\/01\/Senaatti_FB_profiili_1200x630.png\",\"contentUrl\":\"https:\/\/testi-e2c55b704894.senaatti.fi\/app\/uploads\/2021\/01\/Senaatti_FB_profiili_1200x630.png\",\"width\":1201,\"height\":631,\"caption\":\"Senaatti-kiinteist\u00f6t\"},\"image\":{\"@id\":\"https:\/\/www.senaatti.fi\/#\/schema\/logo\/image\/\"},\"sameAs\":[\"https:\/\/www.facebook.com\/SenaattiKiinteistot\/\",\"https:\/\/x.com\/SenaattiK\",\"https:\/\/www.linkedin.com\/company\/senate-properties\",\"https:\/\/www.youtube.com\/channel\/UCunSUhMjKd5KqASPgBrndkQ\"]}]}<\/script>\n<!-- \/ Yoast SEO plugin. -->","yoast_head_json":{"title":"Anv\u00e4ndarvillkor f\u00f6r e-tj\u00e4nst - Senaatti","robots":{"index":"noindex","follow":"follow","max-snippet":"max-snippet:-1","max-image-preview":"max-image-preview:large","max-video-preview":"max-video-preview:-1"},"og_locale":"sv_SE","og_type":"article","og_title":"Anv\u00e4ndarvillkor f\u00f6r e-tj\u00e4nst - Senaatti","og_description":"[vc_row][vc_column][senaatti_hero heading=&#8221;Anv\u00e4ndarvillkor f\u00f6r e-tj\u00e4nst&#8221;][\/vc_column][\/vc_row][vc_row][vc_column][vc_column_text remove_empty_space_above=&#8221;true&#8221;] Allm\u00e4nt Senatkoncernens e-tj\u00e4nst (nedan e-tj\u00e4nst) \u00e4r en servicekanal f\u00f6r Senatkoncernens digitala tj\u00e4nster. Via den kan anv\u00e4ndarna logga in i Senatfastigheters och F\u00f6rsvarsfastigheters digitala tj\u00e4nster. Tillg\u00e4ngliga e-tj\u00e4nster \u00e4r t.ex. Servicebeg\u00e4ran, Bokning av m\u00f6tesrum och Extran\u00e4t. N\u00e4r anv\u00e4ndaren registrerar sig som anv\u00e4ndare av e-tj\u00e4nst godk\u00e4nner hen dessa anv\u00e4ndarvillkor i sin helhet och [&hellip;]","og_url":"https:\/\/testi-e2c55b704894.senaatti.fi\/sv\/anvandarvillkor-for-e-tjanst\/","og_site_name":"Senaatti","article_publisher":"https:\/\/www.facebook.com\/SenaattiKiinteistot\/","og_image":[{"width":1024,"height":538,"url":"https:\/\/testi-e2c55b704894.senaatti.fi\/app\/uploads\/2021\/01\/Senaatti_FB_profiili_1200x630-1024x538.png","type":"image\/png"}],"twitter_card":"summary_large_image","twitter_site":"@SenaattiK","twitter_misc":{"Ber\u00e4knad l\u00e4stid":"4 minuter"},"schema":{"@context":"https:\/\/schema.org","@graph":[{"@type":"WebPage","@id":"https:\/\/testi-e2c55b704894.senaatti.fi\/sv\/anvandarvillkor-for-e-tjanst\/","url":"https:\/\/testi-e2c55b704894.senaatti.fi\/sv\/anvandarvillkor-for-e-tjanst\/","name":"Anv\u00e4ndarvillkor f\u00f6r e-tj\u00e4nst - Senaatti","isPartOf":{"@id":"https:\/\/www.senaatti.fi\/#website"},"datePublished":"2024-04-18T07:51:02+00:00","dateModified":"2024-04-18T07:51:02+00:00","breadcrumb":{"@id":"https:\/\/testi-e2c55b704894.senaatti.fi\/sv\/anvandarvillkor-for-e-tjanst\/#breadcrumb"},"inLanguage":"sv-SE","potentialAction":[{"@type":"ReadAction","target":["https:\/\/testi-e2c55b704894.senaatti.fi\/sv\/anvandarvillkor-for-e-tjanst\/"]}]},{"@type":"BreadcrumbList","@id":"https:\/\/testi-e2c55b704894.senaatti.fi\/sv\/anvandarvillkor-for-e-tjanst\/#breadcrumb","itemListElement":[{"@type":"ListItem","position":1,"name":"Hem","item":"https:\/\/www.senaatti.fi\/sv\/"},{"@type":"ListItem","position":2,"name":"Anv\u00e4ndarvillkor f\u00f6r e-tj\u00e4nst"}]},{"@type":"WebSite","@id":"https:\/\/www.senaatti.fi\/#website","url":"https:\/\/www.senaatti.fi\/","name":"Senaatti","description":"Just another WordPress site","publisher":{"@id":"https:\/\/www.senaatti.fi\/#organization"},"potentialAction":[{"@type":"SearchAction","target":{"@type":"EntryPoint","urlTemplate":"https:\/\/www.senaatti.fi\/?s={search_term_string}"},"query-input":{"@type":"PropertyValueSpecification","valueRequired":true,"valueName":"search_term_string"}}],"inLanguage":"sv-SE"},{"@type":"Organization","@id":"https:\/\/www.senaatti.fi\/#organization","name":"Senaatti-kiinteist\u00f6t","url":"https:\/\/www.senaatti.fi\/","logo":{"@type":"ImageObject","inLanguage":"sv-SE","@id":"https:\/\/www.senaatti.fi\/#\/schema\/logo\/image\/","url":"https:\/\/testi-e2c55b704894.senaatti.fi\/app\/uploads\/2021\/01\/Senaatti_FB_profiili_1200x630.png","contentUrl":"https:\/\/testi-e2c55b704894.senaatti.fi\/app\/uploads\/2021\/01\/Senaatti_FB_profiili_1200x630.png","width":1201,"height":631,"caption":"Senaatti-kiinteist\u00f6t"},"image":{"@id":"https:\/\/www.senaatti.fi\/#\/schema\/logo\/image\/"},"sameAs":["https:\/\/www.facebook.com\/SenaattiKiinteistot\/","https:\/\/x.com\/SenaattiK","https:\/\/www.linkedin.com\/company\/senate-properties","https:\/\/www.youtube.com\/channel\/UCunSUhMjKd5KqASPgBrndkQ"]}]}},"publishpress_future_action":{"enabled":false,"date":"2026-04-18 00:31:49","action":"change-status","newStatus":"draft","terms":[],"taxonomy":"translation_priority"},"_links":{"self":[{"href":"https:\/\/testi-e2c55b704894.senaatti.fi\/sv\/wp-json\/wp\/v2\/pages\/70647","targetHints":{"allow":["GET"]}}],"collection":[{"href":"https:\/\/testi-e2c55b704894.senaatti.fi\/sv\/wp-json\/wp\/v2\/pages"}],"about":[{"href":"https:\/\/testi-e2c55b704894.senaatti.fi\/sv\/wp-json\/wp\/v2\/types\/page"}],"author":[{"embeddable":true,"href":"https:\/\/testi-e2c55b704894.senaatti.fi\/sv\/wp-json\/wp\/v2\/users\/11"}],"replies":[{"embeddable":true,"href":"https:\/\/testi-e2c55b704894.senaatti.fi\/sv\/wp-json\/wp\/v2\/comments?post=70647"}],"version-history":[{"count":7,"href":"https:\/\/testi-e2c55b704894.senaatti.fi\/sv\/wp-json\/wp\/v2\/pages\/70647\/revisions"}],"predecessor-version":[{"id":72281,"href":"https:\/\/testi-e2c55b704894.senaatti.fi\/sv\/wp-json\/wp\/v2\/pages\/70647\/revisions\/72281"}],"wp:attachment":[{"href":"https:\/\/testi-e2c55b704894.senaatti.fi\/sv\/wp-json\/wp\/v2\/media?parent=70647"}],"curies":[{"name":"wp","href":"https:\/\/api.w.org\/{rel}","templated":true}]}}