{"id":71646,"date":"2024-04-24T09:18:32","date_gmt":"2024-04-24T06:18:32","guid":{"rendered":"https:\/\/testi-e2c55b704894.senaatti.fi\/?page_id=71646"},"modified":"2024-04-24T11:15:16","modified_gmt":"2024-04-24T08:15:16","slug":"tjansteproducenter-och-partner","status":"publish","type":"page","link":"https:\/\/testi-e2c55b704894.senaatti.fi\/sv\/tjansteproducenter-och-partner\/","title":{"rendered":"Tj\u00e4nsteproducenter och partner"},"content":{"rendered":"<div class=\"wpb-content-wrapper\"><p>[vc_row][vc_column][senaatti_hero heading=&#8221;Tj\u00e4nsteproducenter och partner&#8221; image=&#8221;55075&#8243; text=&#8221;P\u00e5 denna sida finns f\u00f6r v\u00e5ra tj\u00e4nsteproducenter och andra partner information om bland annat s\u00e4kerhetsutredningar, godk\u00e4nnande av personer, system och anvisningar f\u00f6r byggande och underh\u00e5ll samt v\u00e5r inl\u00e4rningsmilj\u00f6.&#8221;][\/vc_column][\/vc_row][vc_row][vc_column][senaatti_anchor_links links=&#8221;%5B%7B%22label%22%3A%22S%C3%A4kerhetsutredning%20%22%2C%22anchor%22%3A%22sakerhetsutredning%20%22%7D%2C%7B%22label%22%3A%22Anvisningar%20att%20l%C3%A5ta%20godk%C3%A4nna%20personer%22%2C%22anchor%22%3A%22Anvisningar-att-lata-godkanna-personer%22%7D%2C%7B%22label%22%3A%22BEM%22%2C%22anchor%22%3A%22bem%22%7D%2C%7B%22label%22%3A%22Granlund%20Manager%22%2C%22anchor%22%3A%22granlund-manager%22%7D%2C%7B%22label%22%3A%22Materialbanken%22%2C%22anchor%22%3A%22materialbanken%22%7D%2C%7B%22label%22%3A%22Inl%C3%A4rningsmilj%C3%B6%20%22%2C%22anchor%22%3A%22inlarningsmiljo%22%7D%5D&#8221;][\/vc_column][\/vc_row][vc_row][vc_column][vc_column_text remove_empty_space_above=&#8221;true&#8221; remove_empty_space_below=&#8221;true&#8221;]Senatkoncernen \u00e4r en betydande k\u00f6pare av bygg- och fastighetstj\u00e4nster i Finland och en av Finlands st\u00f6rsta offentliga upphandlingsorganisationer. Tj\u00e4nsteproducenterna har en viktig roll i v\u00e5r verksamhet. Merparten av de tj\u00e4nster som vi producerar f\u00f6r kunderna k\u00f6ps p\u00e5 marknaden. Vi syssels\u00e4tter s\u00e4rskilt akt\u00f6rer inom bygg- och fastighetsbranschen.<\/p>\n<h2>Godk\u00e4nnandef\u00f6rfarande f\u00f6r Senatkoncernens uppdrag<\/h2>\n<h3>Godk\u00e4nnandef\u00f6rfarande<\/h3>\n<p>S\u00e4kerhetsavtalet f\u00f6rpliktar leverant\u00f6rerna att l\u00e5ta godk\u00e4nna de personer som deltar i uppdrag inom Senatkoncernen. Att l\u00e5ta godk\u00e4nna personer avser en anm\u00e4lan om huruvida en person har godk\u00e4nts att arbeta i ett uppdrag. Godk\u00e4nnandef\u00f6rfarandet \u00e4r en avtalsf\u00f6rpliktelse mellan leverant\u00f6ren och koncernen, dvs. leverant\u00f6ren kan inte sk\u00f6ta \u00e4renden som g\u00e4ller godk\u00e4nnande direkt med koncernens kunder. Fr\u00e5gor som g\u00e4ller godk\u00e4nnandef\u00f6rfarandet ska st\u00e4llas till Tillst\u00e5ndstj\u00e4nsterna:<\/p>\n<h4>Senatfastigheter<\/h4>\n<ul>\n<li>S\u00f6dra Finland: tursel.etela-suomi@senaatti.fi<\/li>\n<li>\u00d6stra Finland: tursel.ita-suomi@senaatti.fi<\/li>\n<li>V\u00e4stra Finland: tursel.lansi-suomi@senaatti.fi<\/li>\n<li>Norra Finland: tursel.pohjois-suomi.fi<\/li>\n<\/ul>\n<h4>F\u00f6rsvarsfastigheter<\/h4>\n<ul>\n<li>tursel@puolustuskiinteistot.fi<\/li>\n<\/ul>\n<p>[\/vc_column_text][\/vc_column][\/vc_row][vc_row][vc_column el_id=&#8221;sakerhetsutredning&#8221;][vc_column_text remove_empty_space_above=&#8221;true&#8221; remove_empty_space_below=&#8221;true&#8221;]<\/p>\n<h3>S\u00e4kerhetsutredning<\/h3>\n<p>En s\u00e4kerhetsutredning kan utg\u00f6ra en del av godk\u00e4nnandef\u00f6rfarandet. S\u00f6kande av utredningen \u00e4r i regel den myndighet eller det aff\u00e4rsverk vars intressen (lokaler eller uppgifter) man vill skydda med utredningen. Detta kan leda till att flera olika akt\u00f6rer s\u00f6ker utredningar om en person.<\/p>\n<p>Den som utredningen g\u00e4ller har r\u00e4tt att f\u00e5 de uppgifter som h\u00e4nf\u00f6r sig till utredningen av den som ans\u00f6ker om utredningen. F\u00f6r en s\u00e4kerhetsutredning kr\u00e4vs alltid samtycke av den som utredningen g\u00e4ller. Samtycket kan ges antingen genom att ans\u00f6kan om s\u00e4kerhetsutredning undertecknas eller genom att i Skyddspolisens elektroniska \u00e4rendehantering samtycka till att utredningen g\u00f6rs. Skyddspolisens e-tj\u00e4nst ger den som utredningen g\u00e4ller ett e-postmeddelande via vilket man loggar in i e-tj\u00e4nsten (t.ex. med bankkoder) och ger sitt samtycke till utredningen. Det kan komma flera meddelanden och alla ska besvaras s\u00e5 att uppdraget inte f\u00f6rdr\u00f6js. Om ans\u00f6kan om s\u00e4kerhetsutredning fylls i och undertecknas i Tillst\u00e5ndsregistret, skickar Skyddspolisens e-tj\u00e4nst inte separat ett meddelande. I alla fr\u00e5gor som g\u00e4ller s\u00e4kerhetsutredningar ska man kontakta den myndighet eller det aff\u00e4rsverk som ans\u00f6ker om s\u00e4kerhetsutredningen. Senatkoncernen har inga uppgifter om s\u00e4kerhetsutredningar som andra myndigheter har ans\u00f6kt om.[\/vc_column_text][\/vc_column][\/vc_row][vc_row][vc_column el_id=&#8221;Anvisningar-att-lata-godkanna-personer&#8221;][senaatti_collapsible_element main_heading_text=&#8221;Anvisningar att l\u00e5ta godk\u00e4nna personer&#8221; readmore_text=&#8221;Meddelande till Tillst\u00e5ndstj\u00e4nsterna&#8221;]Kontakta Tillst\u00e5ndstj\u00e4nstens e-postadress och l\u00e4mna f\u00f6ljande uppgifter:<\/p>\n<ol>\n<li style=\"list-style-type: none;\">\n<ul>\n<li>F\u00f6retagets FO-nummer och namn<\/li>\n<li>Uppdraget\/objektet samt det aff\u00e4rsverk\/den myndighet vars lokaler eller uppgifter uppdraget g\u00e4ller<\/li>\n<li>Aff\u00e4rsverkets kontaktperson<\/li>\n<li>Uppdragets l\u00e4ngd (t.ex. projektets l\u00e4ngd + garantitiden eller avtalsperioden)<\/li>\n<li>Uppgifter om f\u00f6retagets kontaktperson (max 5 personer) som ansvarar f\u00f6r att l\u00e5ta godk\u00e4nna f\u00f6retagets anst\u00e4llda i Tillst\u00e5ndsregistret (efternamn, f\u00f6rnamn, e-postadress, telefonnummer)<\/li>\n<\/ul>\n<\/li>\n<\/ol>\n<p>[\/senaatti_collapsible_element][senaatti_collapsible_element readmore_text=&#8221;Koder till Tillst\u00e5ndsregistret&#8221;]Du f\u00e5r ett e-postmeddelande om r\u00e4tten att ans\u00f6ka om tillst\u00e5nd f\u00f6r ett objekt eller ett uppdrag. Nya anv\u00e4ndare f\u00e5r dessutom anv\u00e4ndar-ID och l\u00f6senord i Tillst\u00e5ndsregistret. Anv\u00e4ndar-ID \u00e4r din e-postadress. Om du inte f\u00e5r n\u00e5gra meddelanden ska du kontrollera skr\u00e4ppostmappen.<\/p>\n<p>Om ditt l\u00f6senord inte fungerar eller om du inte har f\u00e5tt n\u00e5got meddelande, g\u00e5 och byt l\u00f6senord p\u00e5 ing\u00e5ngssidan till Senatkoncernens e-tj\u00e4nst under punkten Problem med inloggningen?[\/senaatti_collapsible_element][senaatti_collapsible_element readmore_text=&#8221;Tillst\u00e5ndsans\u00f6kan i Tillst\u00e5ndsregistret&#8221;]Fyll i tillst\u00e5ndsans\u00f6kan i Tillst\u00e5ndsregistret. Kom ih\u00e5g att fylla i alla f\u00e4lt som markerats som obligatoriska.<\/p>\n<p>Observera att dokument inte beh\u00f6ver skrivas ut ur Tillst\u00e5ndsregistret, utan allt kan undertecknas digitalt t.ex. genom smarttelefonens peksk\u00e4rm. Skicka ans\u00f6kan.<\/p>\n<p>Om en ans\u00f6kan beh\u00f6ver kompletteras eller korrigeras, f\u00e5r du i s\u00e5dana fall automatiskt ett meddelande. Du ska omedelbart reagera p\u00e5 alla meddelanden. Om tillst\u00e5ndet beviljats f\u00e5r du automatiskt ett meddelande. I oklara situationer, kontakta Tillst\u00e5ndstj\u00e4nstens e-postadress.<\/p>\n<p><a href=\"https:\/\/testi-e2c55b704894.senaatti.fi\/app\/uploads\/2024\/04\/Bruksanvisning-for-tillstandsregistret.pdf\" target=\"_blank\" rel=\"noopener\">Bruksanvisning f\u00f6r tillst\u00e5ndsregistret (pdf)<\/a>[\/senaatti_collapsible_element][\/vc_column][\/vc_row][vc_row][vc_column el_id=&#8221;bem&#8221;][vc_column_text remove_empty_space_above=&#8221;true&#8221;]<\/p>\n<h2>BEM<\/h2>\n<p>Enhetliga tillv\u00e4gag\u00e5ngss\u00e4tt och -modeller med v\u00e5ra partner \u00e4r en del av v\u00e5r kvalitetshantering. De viktigaste anvisningarna som ska f\u00f6ljas i v\u00e5ra byggprojekt finns i <strong>projektens dokumenthanteringsmilj\u00f6 (BEM)<\/strong>. Tj\u00e4nsten samlar all elektronisk dokumentation av byggverksamheten p\u00e5 ett st\u00e4lle per byggnad och projekt. I projektbanken f\u00f6r varje byggprojekt finns dokumentation om projektet.<\/p>\n<p>I BEM-anvisningarna finns ocks\u00e5 anvisningar om projektbanken. I anvisningarna f\u00f6r planering finns datatekniska anvisningar f\u00f6r planering av Senatkoncernens byggprojekt.<\/p>\n<ul>\n<li>I CAD-anvisningen fastst\u00e4lls tekniska formkrav f\u00f6r ritnings-, text- och tabellfiler samt databasinneh\u00e5ll som produceras inom arkitektur-, konstruktions-, el-, VVSA- och andra planeringsomr\u00e5den.<\/li>\n<li>Anvisningen om utl\u00e4mnande av handlingar g\u00e4ller l\u00e4mnande av slutdokumenten f\u00f6r byggnadsarbetet till best\u00e4llaren i manuell form i pappersform och filer med USB-minnespinne. Information om till\u00e4ggsanvisningarna f\u00e5s av den projektansvariga vid Senatfastigheter.<\/li>\n<\/ul>\n<p>[\/vc_column_text][\/vc_column][\/vc_row][vc_row][vc_column][senaatti_liftcards card=&#8221;%5B%7B%22description%22%3A%22Du%20kan%20av%20den%20projektansvariga%20eller%20din%20kontaktpersonen%20f%C3%B6r%20avtalet%20fr%C3%A5ga%20om%20beviljandet%20av%20anv%C3%A4ndarr%C3%A4ttigheter%20till%20BEM.%22%7D%2C%7B%22description%22%3A%22V%C3%A5r%20kontaktperson%20f%C3%B6r%20informationsmodellering%20i%20Senatkoncernen%20%C3%A4r%20informationsmodelleringsexpert%20Juho%20Malmi%2C%20tfn%20%2B358%2040%20647%206608.%22%7D%2C%7B%22description%22%3A%22Senatkoncernens%20kontaktperson%20i%20%C3%A4renden%20som%20g%C3%A4ller%20BEM%20%C3%A4r%20Kari%20Alatalo%2C%20specialist%20p%C3%A5%20bygginformation%2C%20tfn%20%2B358%2040%20534%205531.%22%7D%5D&#8221;][\/vc_column][\/vc_row][vc_row][vc_column el_id=&#8221;granlund-manager&#8221;][vc_column_text remove_empty_space_above=&#8221;true&#8221;]<\/p>\n<h2>Granlund Manager<\/h2>\n<p>Granlund Manager \u00e4r ett centralt informationssystem f\u00f6r tj\u00e4nsteproducenterna inom Senatfastigheters underh\u00e5ll. Bruksanvisningarna finns efter inloggning i systemet i det \u00f6vre h\u00f6gra h\u00f6rnet genom att klicka p\u00e5 ikonen med fr\u00e5getecken.<\/p>\n<p>Appen Granlund Manager kan laddas ned f\u00f6r Android-enheter fr\u00e5n Play Store och f\u00f6r iOS-enheter fr\u00e5n App Store.[\/vc_column_text][\/vc_column][\/vc_row][vc_row][vc_column][senaatti_liftcards card=&#8221;%5B%7B%22description%22%3A%22Granlund%20Managers%20helpdesk%3A%20senaatti(at)granlund.fi%2C%20tfn%20010%20759%202300%22%7D%2C%7B%22link%22%3A%22url%3Ahttps%253A%252F%252Fsenaatti.granlundmanager.fi%252Fdefault.aspx%7Ctitle%3AGranlund%2520Manager%7Ctarget%3A_blank%22%2C%22description%22%3A%22Logga%20in%20med%20dina%20personliga%20koder.%22%7D%5D&#8221;][\/vc_column][\/vc_row][vc_row][vc_column width=&#8221;1\/2&#8243; el_id=&#8221;materialbanken&#8221;][senaatti_feature_small heading=&#8221;Materialbanken&#8221; text=&#8221;Ur Senatkoncernens offentliga materialbank kan vem som helst ladda ner material utan koder. Materialbanken inneh\u00e5ller bl.a. anvisningar och modeller som g\u00e4ller arbetarskyddet och arbetsplatstavlor, v\u00e5ra grafiska anvisningar, logotyper, ikoner och fotografier. Fotografierna \u00e4r avsedda f\u00f6r kommunikation \u2013 vid kommersiell anv\u00e4ndning av bilder ska man avtala separat med varje fotograf.&#8221; btn=&#8221;url:https%3A%2F%2Fsenaatti.materialbank.net%2Fvierailija|title:G%C3%A5%20till%20materialbanken|target:_blank&#8221; image=&#8221;64439&#8243;][\/vc_column][vc_column width=&#8221;1\/2&#8243; el_id=&#8221;inlarningsmiljo&#8221;][senaatti_feature_small heading=&#8221;Inl\u00e4rningsmilj\u00f6&#8221; text=&#8221;I Senatkoncernens inl\u00e4rningsmilj\u00f6 kan du avl\u00e4gga studiehelheter n\u00e4r det passar dig. V\u00e5r verksamhet inom tj\u00e4nsteproduktionen baserar sig p\u00e5 partnerskap och ett n\u00e4tverksbaserat arbetss\u00e4tt. I v\u00e5r inl\u00e4rningsmilj\u00f6 f\u00e5r du bekanta dig med v\u00e5ra verksamhetsmodeller och system.&#8221; btn=&#8221;url:https%3A%2F%2Fsenaatti.mmg.fi%2F|title:G%C3%A5%20till%20inl%C3%A4rningsmilj%C3%B6n|target:_blank&#8221; image=&#8221;41469&#8243;][\/vc_column][\/vc_row][vc_row][vc_column][senaatti_liftcards card=&#8221;%5B%7B%22label%22%3A%22Byggherreverksamhet%22%2C%22link%22%3A%22url%3Ahttps%253A%252F%252Ftesti-e2c55b704894.senaatti.fi%252Fsv%252Fstatens-fastigheter%252Fbyggherreverksamhet%252F%7Ctitle%3AL%25C3%25A4s%2520mer%22%2C%22description%22%3A%22Vi%20l%C3%A5ter%20bygga%20f%C3%B6r%20v%C3%A5ra%20kunder%2C%20dvs.%20statsf%C3%B6rvaltningen%20nya%20lokaliteter%20och%20totalrenoverar%20%C3%A4ldre%20fastighetsbest%C3%A5nd%20enligt%20kundernas%20behov.%20Syftet%20med%20dessa%20%C3%A5tg%C3%A4rder%20%C3%A4r%20st%C3%B6dja%20en%20effektivare%20verksamhet%20hos%20kunderna%20och%20att%20minska%20p%C3%A5%20hyreskostnaderna%20samt%20att%20verkst%C3%A4lla%20statens%20totalnytta.%20%22%2C%22image%22%3A%2269337%22%7D%2C%7B%22label%22%3A%22Upphandling%20och%20konkurrensuts%C3%A4ttning%22%2C%22link%22%3A%22url%3Ahttps%253A%252F%252Ftesti-e2c55b704894.senaatti.fi%252Fsv%252Fom-oss%252Fupphandling%252F%7Ctitle%3AL%25C3%25A4s%2520mer%22%2C%22description%22%3A%22Senatkoncernen%20%C3%A4r%20en%20betydande%20upphandlare%20av%20bygg-%20och%20fastighetstj%C3%A4nster%20i%20Finland%20och%20en%20av%20Finlands%20st%C3%B6rsta%20offentliga%20upphandlingsorganisationer.%20Vi%20skaffar%20tj%C3%A4nster%20och%20produkter%20f%C3%B6r%20de%20aff%C3%A4rsverk%20som%20h%C3%B6r%20till%20koncernen.%5Cn%5Cn%22%2C%22image%22%3A%2259316%22%7D%2C%7B%22label%22%3A%22Senatkoncernens%20e-tj%C3%A4nst%22%2C%22link%22%3A%22url%3Ahttps%253A%252F%252Fasiointi-testi-e2c55b704894.senaatti.fi%252Fsv%252F%7Ctitle%3AG%25C3%25A5%2520till%2520e-tj%25C3%25A4nsten%22%2C%22description%22%3A%22I%20e-tj%C3%A4nst%20kan%20du%20logga%20in%20p%C3%A5%20v%C3%A5ra%20elektroniska%20tj%C3%A4nster%2C%20s%C3%A5som%20Tillst%C3%A5ndsregister%2C%20Leverant%C3%B6rss%C3%A4kerhetsregister%20eller%20andra%20tj%C3%A4nster%2C%20f%C3%B6r%20vilka%20du%20har%20anv%C3%A4ndaruppgifter.%20Anv%C3%A4nda%20Virtu%20eller%20e-postalias%20som%20du%20skapat%20f%C3%B6r%20att%20logga%20in%20p%C3%A5%20tj%C3%A4nsterna.%22%2C%22image%22%3A%2251066%22%7D%5D&#8221;][\/vc_column][\/vc_row]<\/p>\n<\/div>","protected":false},"excerpt":{"rendered":"<p>[vc_row][vc_column][senaatti_hero heading=&#8221;Tj\u00e4nsteproducenter och partner&#8221; image=&#8221;55075&#8243; text=&#8221;P\u00e5 denna sida finns f\u00f6r v\u00e5ra tj\u00e4nsteproducenter och andra partner information om bland annat s\u00e4kerhetsutredningar, godk\u00e4nnande av personer, system och anvisningar f\u00f6r byggande och underh\u00e5ll samt v\u00e5r inl\u00e4rningsmilj\u00f6.&#8221;][\/vc_column][\/vc_row][vc_row][vc_column][senaatti_anchor_links links=&#8221;%5B%7B%22label%22%3A%22S%C3%A4kerhetsutredning%20%22%2C%22anchor%22%3A%22sakerhetsutredning%20%22%7D%2C%7B%22label%22%3A%22Anvisningar%20att%20l%C3%A5ta%20godk%C3%A4nna%20personer%22%2C%22anchor%22%3A%22Anvisningar-att-lata-godkanna-personer%22%7D%2C%7B%22label%22%3A%22BEM%22%2C%22anchor%22%3A%22bem%22%7D%2C%7B%22label%22%3A%22Granlund%20Manager%22%2C%22anchor%22%3A%22granlund-manager%22%7D%2C%7B%22label%22%3A%22Materialbanken%22%2C%22anchor%22%3A%22materialbanken%22%7D%2C%7B%22label%22%3A%22Inl%C3%A4rningsmilj%C3%B6%20%22%2C%22anchor%22%3A%22inlarningsmiljo%22%7D%5D&#8221;][\/vc_column][\/vc_row][vc_row][vc_column][vc_column_text remove_empty_space_above=&#8221;true&#8221; remove_empty_space_below=&#8221;true&#8221;]Senatkoncernen \u00e4r en betydande k\u00f6pare av bygg- och fastighetstj\u00e4nster i Finland och en av Finlands st\u00f6rsta offentliga upphandlingsorganisationer. Tj\u00e4nsteproducenterna har [&hellip;]<\/p>\n","protected":false},"author":11,"featured_media":0,"parent":0,"menu_order":0,"comment_status":"closed","ping_status":"closed","template":"","meta":{"_acf_changed":false,"footnotes":""},"class_list":["post-71646","page","type-page","status-publish","hentry"],"acf":[],"yoast_head":"<!-- This site is optimized with the Yoast SEO plugin v23.9 - https:\/\/yoast.com\/wordpress\/plugins\/seo\/ -->\n<title>Tj\u00e4nsteproducenter och partner - Senaatti<\/title>\n<meta name=\"robots\" content=\"noindex, follow, max-snippet:-1, max-image-preview:large, max-video-preview:-1\" \/>\n<meta property=\"og:locale\" content=\"sv_SE\" \/>\n<meta property=\"og:type\" content=\"article\" \/>\n<meta property=\"og:title\" content=\"Tj\u00e4nsteproducenter och partner - Senaatti\" \/>\n<meta property=\"og:description\" content=\"[vc_row][vc_column][senaatti_hero heading=&#8221;Tj\u00e4nsteproducenter och partner&#8221; image=&#8221;55075&#8243; text=&#8221;P\u00e5 denna sida finns f\u00f6r v\u00e5ra tj\u00e4nsteproducenter och andra partner information om bland annat s\u00e4kerhetsutredningar, godk\u00e4nnande av personer, system och anvisningar f\u00f6r byggande och underh\u00e5ll samt v\u00e5r inl\u00e4rningsmilj\u00f6.&#8221;][\/vc_column][\/vc_row][vc_row][vc_column][senaatti_anchor_links links=&#8221;%5B%7B%22label%22%3A%22S%C3%A4kerhetsutredning%20%22%2C%22anchor%22%3A%22sakerhetsutredning%20%22%7D%2C%7B%22label%22%3A%22Anvisningar%20att%20l%C3%A5ta%20godk%C3%A4nna%20personer%22%2C%22anchor%22%3A%22Anvisningar-att-lata-godkanna-personer%22%7D%2C%7B%22label%22%3A%22BEM%22%2C%22anchor%22%3A%22bem%22%7D%2C%7B%22label%22%3A%22Granlund%20Manager%22%2C%22anchor%22%3A%22granlund-manager%22%7D%2C%7B%22label%22%3A%22Materialbanken%22%2C%22anchor%22%3A%22materialbanken%22%7D%2C%7B%22label%22%3A%22Inl%C3%A4rningsmilj%C3%B6%20%22%2C%22anchor%22%3A%22inlarningsmiljo%22%7D%5D&#8221;][\/vc_column][\/vc_row][vc_row][vc_column][vc_column_text remove_empty_space_above=&#8221;true&#8221; remove_empty_space_below=&#8221;true&#8221;]Senatkoncernen \u00e4r en betydande k\u00f6pare av bygg- och fastighetstj\u00e4nster i Finland och en av Finlands st\u00f6rsta offentliga upphandlingsorganisationer. Tj\u00e4nsteproducenterna har [&hellip;]\" \/>\n<meta property=\"og:url\" content=\"https:\/\/testi-e2c55b704894.senaatti.fi\/sv\/tjansteproducenter-och-partner\/\" \/>\n<meta property=\"og:site_name\" content=\"Senaatti\" \/>\n<meta property=\"article:publisher\" content=\"https:\/\/www.facebook.com\/SenaattiKiinteistot\/\" \/>\n<meta property=\"article:modified_time\" content=\"2024-04-24T08:15:16+00:00\" \/>\n<meta property=\"og:image\" content=\"https:\/\/testi-e2c55b704894.senaatti.fi\/app\/uploads\/2021\/01\/Senaatti_FB_profiili_1200x630-1024x538.png\" \/>\n\t<meta property=\"og:image:width\" content=\"1024\" \/>\n\t<meta property=\"og:image:height\" content=\"538\" \/>\n\t<meta property=\"og:image:type\" content=\"image\/png\" \/>\n<meta name=\"twitter:card\" content=\"summary_large_image\" \/>\n<meta name=\"twitter:site\" content=\"@SenaattiK\" \/>\n<meta name=\"twitter:label1\" content=\"Ber\u00e4knad l\u00e4stid\" \/>\n\t<meta name=\"twitter:data1\" content=\"6 minuter\" \/>\n<script type=\"application\/ld+json\" class=\"yoast-schema-graph\">{\"@context\":\"https:\/\/schema.org\",\"@graph\":[{\"@type\":\"WebPage\",\"@id\":\"https:\/\/testi-e2c55b704894.senaatti.fi\/sv\/tjansteproducenter-och-partner\/\",\"url\":\"https:\/\/testi-e2c55b704894.senaatti.fi\/sv\/tjansteproducenter-och-partner\/\",\"name\":\"Tj\u00e4nsteproducenter och partner - Senaatti\",\"isPartOf\":{\"@id\":\"https:\/\/www.senaatti.fi\/#website\"},\"datePublished\":\"2024-04-24T06:18:32+00:00\",\"dateModified\":\"2024-04-24T08:15:16+00:00\",\"breadcrumb\":{\"@id\":\"https:\/\/testi-e2c55b704894.senaatti.fi\/sv\/tjansteproducenter-och-partner\/#breadcrumb\"},\"inLanguage\":\"sv-SE\",\"potentialAction\":[{\"@type\":\"ReadAction\",\"target\":[\"https:\/\/testi-e2c55b704894.senaatti.fi\/sv\/tjansteproducenter-och-partner\/\"]}]},{\"@type\":\"BreadcrumbList\",\"@id\":\"https:\/\/testi-e2c55b704894.senaatti.fi\/sv\/tjansteproducenter-och-partner\/#breadcrumb\",\"itemListElement\":[{\"@type\":\"ListItem\",\"position\":1,\"name\":\"Hem\",\"item\":\"https:\/\/www.senaatti.fi\/sv\/\"},{\"@type\":\"ListItem\",\"position\":2,\"name\":\"Tj\u00e4nsteproducenter och partner\"}]},{\"@type\":\"WebSite\",\"@id\":\"https:\/\/www.senaatti.fi\/#website\",\"url\":\"https:\/\/www.senaatti.fi\/\",\"name\":\"Senaatti\",\"description\":\"Just another WordPress site\",\"publisher\":{\"@id\":\"https:\/\/www.senaatti.fi\/#organization\"},\"potentialAction\":[{\"@type\":\"SearchAction\",\"target\":{\"@type\":\"EntryPoint\",\"urlTemplate\":\"https:\/\/www.senaatti.fi\/?s={search_term_string}\"},\"query-input\":{\"@type\":\"PropertyValueSpecification\",\"valueRequired\":true,\"valueName\":\"search_term_string\"}}],\"inLanguage\":\"sv-SE\"},{\"@type\":\"Organization\",\"@id\":\"https:\/\/www.senaatti.fi\/#organization\",\"name\":\"Senaatti-kiinteist\u00f6t\",\"url\":\"https:\/\/www.senaatti.fi\/\",\"logo\":{\"@type\":\"ImageObject\",\"inLanguage\":\"sv-SE\",\"@id\":\"https:\/\/www.senaatti.fi\/#\/schema\/logo\/image\/\",\"url\":\"https:\/\/testi-e2c55b704894.senaatti.fi\/app\/uploads\/2021\/01\/Senaatti_FB_profiili_1200x630.png\",\"contentUrl\":\"https:\/\/testi-e2c55b704894.senaatti.fi\/app\/uploads\/2021\/01\/Senaatti_FB_profiili_1200x630.png\",\"width\":1201,\"height\":631,\"caption\":\"Senaatti-kiinteist\u00f6t\"},\"image\":{\"@id\":\"https:\/\/www.senaatti.fi\/#\/schema\/logo\/image\/\"},\"sameAs\":[\"https:\/\/www.facebook.com\/SenaattiKiinteistot\/\",\"https:\/\/x.com\/SenaattiK\",\"https:\/\/www.linkedin.com\/company\/senate-properties\",\"https:\/\/www.youtube.com\/channel\/UCunSUhMjKd5KqASPgBrndkQ\"]}]}<\/script>\n<!-- \/ Yoast SEO plugin. -->","yoast_head_json":{"title":"Tj\u00e4nsteproducenter och partner - Senaatti","robots":{"index":"noindex","follow":"follow","max-snippet":"max-snippet:-1","max-image-preview":"max-image-preview:large","max-video-preview":"max-video-preview:-1"},"og_locale":"sv_SE","og_type":"article","og_title":"Tj\u00e4nsteproducenter och partner - Senaatti","og_description":"[vc_row][vc_column][senaatti_hero heading=&#8221;Tj\u00e4nsteproducenter och partner&#8221; image=&#8221;55075&#8243; text=&#8221;P\u00e5 denna sida finns f\u00f6r v\u00e5ra tj\u00e4nsteproducenter och andra partner information om bland annat s\u00e4kerhetsutredningar, godk\u00e4nnande av personer, system och anvisningar f\u00f6r byggande och underh\u00e5ll samt v\u00e5r inl\u00e4rningsmilj\u00f6.&#8221;][\/vc_column][\/vc_row][vc_row][vc_column][senaatti_anchor_links links=&#8221;%5B%7B%22label%22%3A%22S%C3%A4kerhetsutredning%20%22%2C%22anchor%22%3A%22sakerhetsutredning%20%22%7D%2C%7B%22label%22%3A%22Anvisningar%20att%20l%C3%A5ta%20godk%C3%A4nna%20personer%22%2C%22anchor%22%3A%22Anvisningar-att-lata-godkanna-personer%22%7D%2C%7B%22label%22%3A%22BEM%22%2C%22anchor%22%3A%22bem%22%7D%2C%7B%22label%22%3A%22Granlund%20Manager%22%2C%22anchor%22%3A%22granlund-manager%22%7D%2C%7B%22label%22%3A%22Materialbanken%22%2C%22anchor%22%3A%22materialbanken%22%7D%2C%7B%22label%22%3A%22Inl%C3%A4rningsmilj%C3%B6%20%22%2C%22anchor%22%3A%22inlarningsmiljo%22%7D%5D&#8221;][\/vc_column][\/vc_row][vc_row][vc_column][vc_column_text remove_empty_space_above=&#8221;true&#8221; remove_empty_space_below=&#8221;true&#8221;]Senatkoncernen \u00e4r en betydande k\u00f6pare av bygg- och fastighetstj\u00e4nster i Finland och en av Finlands st\u00f6rsta offentliga upphandlingsorganisationer. Tj\u00e4nsteproducenterna har [&hellip;]","og_url":"https:\/\/testi-e2c55b704894.senaatti.fi\/sv\/tjansteproducenter-och-partner\/","og_site_name":"Senaatti","article_publisher":"https:\/\/www.facebook.com\/SenaattiKiinteistot\/","article_modified_time":"2024-04-24T08:15:16+00:00","og_image":[{"width":1024,"height":538,"url":"https:\/\/testi-e2c55b704894.senaatti.fi\/app\/uploads\/2021\/01\/Senaatti_FB_profiili_1200x630-1024x538.png","type":"image\/png"}],"twitter_card":"summary_large_image","twitter_site":"@SenaattiK","twitter_misc":{"Ber\u00e4knad l\u00e4stid":"6 minuter"},"schema":{"@context":"https:\/\/schema.org","@graph":[{"@type":"WebPage","@id":"https:\/\/testi-e2c55b704894.senaatti.fi\/sv\/tjansteproducenter-och-partner\/","url":"https:\/\/testi-e2c55b704894.senaatti.fi\/sv\/tjansteproducenter-och-partner\/","name":"Tj\u00e4nsteproducenter och partner - Senaatti","isPartOf":{"@id":"https:\/\/www.senaatti.fi\/#website"},"datePublished":"2024-04-24T06:18:32+00:00","dateModified":"2024-04-24T08:15:16+00:00","breadcrumb":{"@id":"https:\/\/testi-e2c55b704894.senaatti.fi\/sv\/tjansteproducenter-och-partner\/#breadcrumb"},"inLanguage":"sv-SE","potentialAction":[{"@type":"ReadAction","target":["https:\/\/testi-e2c55b704894.senaatti.fi\/sv\/tjansteproducenter-och-partner\/"]}]},{"@type":"BreadcrumbList","@id":"https:\/\/testi-e2c55b704894.senaatti.fi\/sv\/tjansteproducenter-och-partner\/#breadcrumb","itemListElement":[{"@type":"ListItem","position":1,"name":"Hem","item":"https:\/\/www.senaatti.fi\/sv\/"},{"@type":"ListItem","position":2,"name":"Tj\u00e4nsteproducenter och partner"}]},{"@type":"WebSite","@id":"https:\/\/www.senaatti.fi\/#website","url":"https:\/\/www.senaatti.fi\/","name":"Senaatti","description":"Just another WordPress site","publisher":{"@id":"https:\/\/www.senaatti.fi\/#organization"},"potentialAction":[{"@type":"SearchAction","target":{"@type":"EntryPoint","urlTemplate":"https:\/\/www.senaatti.fi\/?s={search_term_string}"},"query-input":{"@type":"PropertyValueSpecification","valueRequired":true,"valueName":"search_term_string"}}],"inLanguage":"sv-SE"},{"@type":"Organization","@id":"https:\/\/www.senaatti.fi\/#organization","name":"Senaatti-kiinteist\u00f6t","url":"https:\/\/www.senaatti.fi\/","logo":{"@type":"ImageObject","inLanguage":"sv-SE","@id":"https:\/\/www.senaatti.fi\/#\/schema\/logo\/image\/","url":"https:\/\/testi-e2c55b704894.senaatti.fi\/app\/uploads\/2021\/01\/Senaatti_FB_profiili_1200x630.png","contentUrl":"https:\/\/testi-e2c55b704894.senaatti.fi\/app\/uploads\/2021\/01\/Senaatti_FB_profiili_1200x630.png","width":1201,"height":631,"caption":"Senaatti-kiinteist\u00f6t"},"image":{"@id":"https:\/\/www.senaatti.fi\/#\/schema\/logo\/image\/"},"sameAs":["https:\/\/www.facebook.com\/SenaattiKiinteistot\/","https:\/\/x.com\/SenaattiK","https:\/\/www.linkedin.com\/company\/senate-properties","https:\/\/www.youtube.com\/channel\/UCunSUhMjKd5KqASPgBrndkQ"]}]}},"publishpress_future_action":{"enabled":false,"date":"2026-05-03 10:25:58","action":"change-status","newStatus":"draft","terms":[],"taxonomy":"translation_priority"},"_links":{"self":[{"href":"https:\/\/testi-e2c55b704894.senaatti.fi\/sv\/wp-json\/wp\/v2\/pages\/71646","targetHints":{"allow":["GET"]}}],"collection":[{"href":"https:\/\/testi-e2c55b704894.senaatti.fi\/sv\/wp-json\/wp\/v2\/pages"}],"about":[{"href":"https:\/\/testi-e2c55b704894.senaatti.fi\/sv\/wp-json\/wp\/v2\/types\/page"}],"author":[{"embeddable":true,"href":"https:\/\/testi-e2c55b704894.senaatti.fi\/sv\/wp-json\/wp\/v2\/users\/11"}],"replies":[{"embeddable":true,"href":"https:\/\/testi-e2c55b704894.senaatti.fi\/sv\/wp-json\/wp\/v2\/comments?post=71646"}],"version-history":[{"count":10,"href":"https:\/\/testi-e2c55b704894.senaatti.fi\/sv\/wp-json\/wp\/v2\/pages\/71646\/revisions"}],"predecessor-version":[{"id":72489,"href":"https:\/\/testi-e2c55b704894.senaatti.fi\/sv\/wp-json\/wp\/v2\/pages\/71646\/revisions\/72489"}],"wp:attachment":[{"href":"https:\/\/testi-e2c55b704894.senaatti.fi\/sv\/wp-json\/wp\/v2\/media?parent=71646"}],"curies":[{"name":"wp","href":"https:\/\/api.w.org\/{rel}","templated":true}]}}