{"id":73639,"date":"2024-05-27T13:17:55","date_gmt":"2024-05-27T10:17:55","guid":{"rendered":"https:\/\/testi-e2c55b704894.senaatti.fi\/?page_id=73639"},"modified":"2024-05-27T13:17:55","modified_gmt":"2024-05-27T10:17:55","slug":"nyheter-och-artiklar","status":"publish","type":"page","link":"https:\/\/testi-e2c55b704894.senaatti.fi\/sv\/aktuellt\/nyheter-och-artiklar\/","title":{"rendered":"Nyheter och artiklar"},"content":{"rendered":"<div class=\"wpb-content-wrapper\"><p>[vc_row][vc_column][senaatti_hero heading=&#8221;Nyheter och artiklar&#8221; text=&#8221;H\u00e4r hittar du alla v\u00e5ra nyheter och artiklar. Du kan filtrera dem enligt \u00e4mnesomr\u00e5de nedan.&#8221; image=&#8221;42070&#8243;][\/vc_column][\/vc_row][vc_row][vc_column][senaatti_news_articles][\/vc_column][\/vc_row][vc_row][vc_column][senaatti_liftcards card=&#8221;%5B%7B%22label%22%3A%22Byggprojekt%22%2C%22link%22%3A%22url%3Ahttps%253A%252F%252Ftesti-e2c55b704894.senaatti.fi%252Fhankkeet%252F%7Ctitle%3AL%25C3%25A4s%2520mer%2520om%2520byggprojekten%2520(p%25C3%25A5%2520finska)%22%2C%22description%22%3A%22Vi%20har%20%C3%A5rligen%20%C3%B6ver%20100%20p%C3%A5g%C3%A5ende%20byggprojekt%20p%C3%A5%20olika%20h%C3%A5ll%20i%20Finland.%20Vi%20bygger%20nytt%20och%20totalrenoverar%20gamla%20objekt%20enligt%20kundernas%20behov.%20St%C3%B6rsta%20delen%20av%20investeringarna%20%C3%A4r%20reparationsprojekt.%22%2C%22image%22%3A%2248136%22%7D%2C%7B%22label%22%3A%22Lokall%C3%B6sningar%20och%20lokaltj%C3%A4nster%22%2C%22link%22%3A%22url%3Ahttps%253A%252F%252Ftesti-e2c55b704894.senaatti.fi%252Fsv%252Flokallosningar-och-lokaltjanster%252F%7Ctitle%3ALokall%25C3%25B6sningar%2520och%2520lokaltj%25C3%25A4nster%22%2C%22description%22%3A%22Vi%20hj%C3%A4lper%20statsf%C3%B6rvaltningens%20organisationer%20att%20f%C3%B6rnya%20sina%20arbetss%C3%A4tt%20och%20genomf%C3%B6r%20fungerande%2C%20s%C3%A4kra%20och%20arbetsst%C3%B6djande%20arbetsmilj%C3%B6er.%22%2C%22image%22%3A%2248344%22%7D%2C%7B%22label%22%3A%22Experter%22%2C%22link%22%3A%22url%3Ahttps%253A%252F%252Ftesti-e2c55b704894.senaatti.fi%252Fsv%252Fom-oss%252Forganisation%252Fexperter%252F%7Ctitle%3AV%25C3%25A5ra%2520experter%22%2C%22description%22%3A%22H%C3%A4r%20kan%20du%20l%C3%A4sa%20mer%20om%20n%C3%A5gra%20av%20v%C3%A5ra%20experter%20inom%20olika%20omr%C3%A5den.%22%2C%22image%22%3A%2230064%22%7D%2C%7B%22label%22%3A%22S%C3%A5%20h%C3%A4r%20g%C3%B6r%20vi%22%2C%22link%22%3A%22url%3Ahttps%253A%252F%252Ftesti-e2c55b704894.senaatti.fi%252Fsv%252Fsa-har-gor-vi%252F%7Ctitle%3AS%25C3%25A5%2520h%25C3%25A4r%2520g%25C3%25B6r%2520vi%22%2C%22description%22%3A%22P%C3%A5%20denna%20sida%20finns%20svaren%20p%C3%A5%20de%20vanligaste%20fr%C3%A5gorna%20om%20statens%20fastighetssk%C3%B6tsel%20och%20fastighetsf%C3%B6rvaltning.%20Sidan%20%C3%A4r%20avsedd%20f%C3%B6r%20alla%20dem%20som%20%C3%A4r%20intresserade%20av%20att%20veta%20hur%20denna%20nationalf%C3%B6rm%C3%B6genhet%20p%C3%A5%204%2C8%20miljarder%20euro%20f%C3%B6rvaltas.%22%2C%22image%22%3A%2263424%22%7D%5D&#8221;][\/vc_column][\/vc_row]<\/p>\n<\/div>","protected":false},"excerpt":{"rendered":"<p>[vc_row][vc_column][senaatti_hero heading=&#8221;Nyheter och artiklar&#8221; text=&#8221;H\u00e4r hittar du alla v\u00e5ra nyheter och artiklar. Du kan filtrera dem enligt \u00e4mnesomr\u00e5de nedan.&#8221; image=&#8221;42070&#8243;][\/vc_column][\/vc_row][vc_row][vc_column][senaatti_news_articles][\/vc_column][\/vc_row][vc_row][vc_column][senaatti_liftcards card=&#8221;%5B%7B%22label%22%3A%22Byggprojekt%22%2C%22link%22%3A%22url%3Ahttps%253A%252F%252Ftesti-e2c55b704894.senaatti.fi%252Fhankkeet%252F%7Ctitle%3AL%25C3%25A4s%2520mer%2520om%2520byggprojekten%2520(p%25C3%25A5%2520finska)%22%2C%22description%22%3A%22Vi%20har%20%C3%A5rligen%20%C3%B6ver%20100%20p%C3%A5g%C3%A5ende%20byggprojekt%20p%C3%A5%20olika%20h%C3%A5ll%20i%20Finland.%20Vi%20bygger%20nytt%20och%20totalrenoverar%20gamla%20objekt%20enligt%20kundernas%20behov.%20St%C3%B6rsta%20delen%20av%20investeringarna%20%C3%A4r%20reparationsprojekt.%22%2C%22image%22%3A%2248136%22%7D%2C%7B%22label%22%3A%22Lokall%C3%B6sningar%20och%20lokaltj%C3%A4nster%22%2C%22link%22%3A%22url%3Ahttps%253A%252F%252Ftesti-e2c55b704894.senaatti.fi%252Fsv%252Flokallosningar-och-lokaltjanster%252F%7Ctitle%3ALokall%25C3%25B6sningar%2520och%2520lokaltj%25C3%25A4nster%22%2C%22description%22%3A%22Vi%20hj%C3%A4lper%20statsf%C3%B6rvaltningens%20organisationer%20att%20f%C3%B6rnya%20sina%20arbetss%C3%A4tt%20och%20genomf%C3%B6r%20fungerande%2C%20s%C3%A4kra%20och%20arbetsst%C3%B6djande%20arbetsmilj%C3%B6er.%22%2C%22image%22%3A%2248344%22%7D%2C%7B%22label%22%3A%22Experter%22%2C%22link%22%3A%22url%3Ahttps%253A%252F%252Ftesti-e2c55b704894.senaatti.fi%252Fsv%252Fom-oss%252Forganisation%252Fexperter%252F%7Ctitle%3AV%25C3%25A5ra%2520experter%22%2C%22description%22%3A%22H%C3%A4r%20kan%20du%20l%C3%A4sa%20mer%20om%20n%C3%A5gra%20av%20v%C3%A5ra%20experter%20inom%20olika%20omr%C3%A5den.%22%2C%22image%22%3A%2230064%22%7D%2C%7B%22label%22%3A%22S%C3%A5%20h%C3%A4r%20g%C3%B6r%20vi%22%2C%22link%22%3A%22url%3Ahttps%253A%252F%252Ftesti-e2c55b704894.senaatti.fi%252Fsv%252Fsa-har-gor-vi%252F%7Ctitle%3AS%25C3%25A5%2520h%25C3%25A4r%2520g%25C3%25B6r%2520vi%22%2C%22description%22%3A%22P%C3%A5%20denna%20sida%20finns%20svaren%20p%C3%A5%20de%20vanligaste%20fr%C3%A5gorna%20om%20statens%20fastighetssk%C3%B6tsel%20och%20fastighetsf%C3%B6rvaltning.%20Sidan%20%C3%A4r%20avsedd%20f%C3%B6r%20alla%20dem%20som%20%C3%A4r%20intresserade%20av%20att%20veta%20hur%20denna%20nationalf%C3%B6rm%C3%B6genhet%20p%C3%A5%204%2C8%20miljarder%20euro%20f%C3%B6rvaltas.%22%2C%22image%22%3A%2263424%22%7D%5D&#8221;][\/vc_column][\/vc_row]<\/p>\n","protected":false},"author":79,"featured_media":0,"parent":58688,"menu_order":0,"comment_status":"closed","ping_status":"closed","template":"","meta":{"_acf_changed":false,"footnotes":""},"class_list":["post-73639","page","type-page","status-publish","hentry"],"acf":[],"yoast_head":"<!-- This site is optimized with the Yoast SEO plugin v23.9 - https:\/\/yoast.com\/wordpress\/plugins\/seo\/ -->\n<title>Nyheter och artiklar - Senaatti<\/title>\n<meta name=\"robots\" content=\"noindex, follow, max-snippet:-1, max-image-preview:large, max-video-preview:-1\" \/>\n<meta property=\"og:locale\" content=\"sv_SE\" \/>\n<meta property=\"og:type\" content=\"article\" \/>\n<meta property=\"og:title\" content=\"Nyheter och artiklar - Senaatti\" \/>\n<meta property=\"og:description\" content=\"[vc_row][vc_column][senaatti_hero heading=&#8221;Nyheter och artiklar&#8221; text=&#8221;H\u00e4r hittar du alla v\u00e5ra nyheter och artiklar. Du kan filtrera dem enligt \u00e4mnesomr\u00e5de nedan.&#8221; image=&#8221;42070&#8243;][\/vc_column][\/vc_row][vc_row][vc_column][senaatti_news_articles][\/vc_column][\/vc_row][vc_row][vc_column][senaatti_liftcards card=&#8221;%5B%7B%22label%22%3A%22Byggprojekt%22%2C%22link%22%3A%22url%3Ahttps%253A%252F%252Ftesti-e2c55b704894.senaatti.fi%252Fhankkeet%252F%7Ctitle%3AL%25C3%25A4s%2520mer%2520om%2520byggprojekten%2520(p%25C3%25A5%2520finska)%22%2C%22description%22%3A%22Vi%20har%20%C3%A5rligen%20%C3%B6ver%20100%20p%C3%A5g%C3%A5ende%20byggprojekt%20p%C3%A5%20olika%20h%C3%A5ll%20i%20Finland.%20Vi%20bygger%20nytt%20och%20totalrenoverar%20gamla%20objekt%20enligt%20kundernas%20behov.%20St%C3%B6rsta%20delen%20av%20investeringarna%20%C3%A4r%20reparationsprojekt.%22%2C%22image%22%3A%2248136%22%7D%2C%7B%22label%22%3A%22Lokall%C3%B6sningar%20och%20lokaltj%C3%A4nster%22%2C%22link%22%3A%22url%3Ahttps%253A%252F%252Ftesti-e2c55b704894.senaatti.fi%252Fsv%252Flokallosningar-och-lokaltjanster%252F%7Ctitle%3ALokall%25C3%25B6sningar%2520och%2520lokaltj%25C3%25A4nster%22%2C%22description%22%3A%22Vi%20hj%C3%A4lper%20statsf%C3%B6rvaltningens%20organisationer%20att%20f%C3%B6rnya%20sina%20arbetss%C3%A4tt%20och%20genomf%C3%B6r%20fungerande%2C%20s%C3%A4kra%20och%20arbetsst%C3%B6djande%20arbetsmilj%C3%B6er.%22%2C%22image%22%3A%2248344%22%7D%2C%7B%22label%22%3A%22Experter%22%2C%22link%22%3A%22url%3Ahttps%253A%252F%252Ftesti-e2c55b704894.senaatti.fi%252Fsv%252Fom-oss%252Forganisation%252Fexperter%252F%7Ctitle%3AV%25C3%25A5ra%2520experter%22%2C%22description%22%3A%22H%C3%A4r%20kan%20du%20l%C3%A4sa%20mer%20om%20n%C3%A5gra%20av%20v%C3%A5ra%20experter%20inom%20olika%20omr%C3%A5den.%22%2C%22image%22%3A%2230064%22%7D%2C%7B%22label%22%3A%22S%C3%A5%20h%C3%A4r%20g%C3%B6r%20vi%22%2C%22link%22%3A%22url%3Ahttps%253A%252F%252Ftesti-e2c55b704894.senaatti.fi%252Fsv%252Fsa-har-gor-vi%252F%7Ctitle%3AS%25C3%25A5%2520h%25C3%25A4r%2520g%25C3%25B6r%2520vi%22%2C%22description%22%3A%22P%C3%A5%20denna%20sida%20finns%20svaren%20p%C3%A5%20de%20vanligaste%20fr%C3%A5gorna%20om%20statens%20fastighetssk%C3%B6tsel%20och%20fastighetsf%C3%B6rvaltning.%20Sidan%20%C3%A4r%20avsedd%20f%C3%B6r%20alla%20dem%20som%20%C3%A4r%20intresserade%20av%20att%20veta%20hur%20denna%20nationalf%C3%B6rm%C3%B6genhet%20p%C3%A5%204%2C8%20miljarder%20euro%20f%C3%B6rvaltas.%22%2C%22image%22%3A%2263424%22%7D%5D&#8221;][\/vc_column][\/vc_row]\" \/>\n<meta property=\"og:url\" content=\"https:\/\/testi-e2c55b704894.senaatti.fi\/sv\/aktuellt\/nyheter-och-artiklar\/\" \/>\n<meta property=\"og:site_name\" content=\"Senaatti\" \/>\n<meta property=\"article:publisher\" content=\"https:\/\/www.facebook.com\/SenaattiKiinteistot\/\" \/>\n<meta property=\"og:image\" content=\"https:\/\/testi-e2c55b704894.senaatti.fi\/app\/uploads\/2021\/01\/Senaatti_FB_profiili_1200x630-1024x538.png\" \/>\n\t<meta property=\"og:image:width\" content=\"1024\" \/>\n\t<meta property=\"og:image:height\" content=\"538\" \/>\n\t<meta property=\"og:image:type\" content=\"image\/png\" \/>\n<meta name=\"twitter:card\" content=\"summary_large_image\" \/>\n<meta name=\"twitter:site\" content=\"@SenaattiK\" \/>\n<meta name=\"twitter:label1\" content=\"Ber\u00e4knad l\u00e4stid\" \/>\n\t<meta name=\"twitter:data1\" content=\"1 minut\" \/>\n<script type=\"application\/ld+json\" class=\"yoast-schema-graph\">{\"@context\":\"https:\/\/schema.org\",\"@graph\":[{\"@type\":\"WebPage\",\"@id\":\"https:\/\/testi-e2c55b704894.senaatti.fi\/sv\/aktuellt\/nyheter-och-artiklar\/\",\"url\":\"https:\/\/testi-e2c55b704894.senaatti.fi\/sv\/aktuellt\/nyheter-och-artiklar\/\",\"name\":\"Nyheter och artiklar - Senaatti\",\"isPartOf\":{\"@id\":\"https:\/\/www.senaatti.fi\/#website\"},\"datePublished\":\"2024-05-27T10:17:55+00:00\",\"dateModified\":\"2024-05-27T10:17:55+00:00\",\"breadcrumb\":{\"@id\":\"https:\/\/testi-e2c55b704894.senaatti.fi\/sv\/aktuellt\/nyheter-och-artiklar\/#breadcrumb\"},\"inLanguage\":\"sv-SE\",\"potentialAction\":[{\"@type\":\"ReadAction\",\"target\":[\"https:\/\/testi-e2c55b704894.senaatti.fi\/sv\/aktuellt\/nyheter-och-artiklar\/\"]}]},{\"@type\":\"BreadcrumbList\",\"@id\":\"https:\/\/testi-e2c55b704894.senaatti.fi\/sv\/aktuellt\/nyheter-och-artiklar\/#breadcrumb\",\"itemListElement\":[{\"@type\":\"ListItem\",\"position\":1,\"name\":\"Hem\",\"item\":\"https:\/\/www.senaatti.fi\/sv\/\"},{\"@type\":\"ListItem\",\"position\":2,\"name\":\"Aktuellt\",\"item\":\"https:\/\/www.senaatti.fi\/sv\/aktuellt\/\"},{\"@type\":\"ListItem\",\"position\":3,\"name\":\"Nyheter och artiklar\"}]},{\"@type\":\"WebSite\",\"@id\":\"https:\/\/www.senaatti.fi\/#website\",\"url\":\"https:\/\/www.senaatti.fi\/\",\"name\":\"Senaatti\",\"description\":\"Just another WordPress site\",\"publisher\":{\"@id\":\"https:\/\/www.senaatti.fi\/#organization\"},\"potentialAction\":[{\"@type\":\"SearchAction\",\"target\":{\"@type\":\"EntryPoint\",\"urlTemplate\":\"https:\/\/www.senaatti.fi\/?s={search_term_string}\"},\"query-input\":{\"@type\":\"PropertyValueSpecification\",\"valueRequired\":true,\"valueName\":\"search_term_string\"}}],\"inLanguage\":\"sv-SE\"},{\"@type\":\"Organization\",\"@id\":\"https:\/\/www.senaatti.fi\/#organization\",\"name\":\"Senaatti-kiinteist\u00f6t\",\"url\":\"https:\/\/www.senaatti.fi\/\",\"logo\":{\"@type\":\"ImageObject\",\"inLanguage\":\"sv-SE\",\"@id\":\"https:\/\/www.senaatti.fi\/#\/schema\/logo\/image\/\",\"url\":\"https:\/\/testi-e2c55b704894.senaatti.fi\/app\/uploads\/2021\/01\/Senaatti_FB_profiili_1200x630.png\",\"contentUrl\":\"https:\/\/testi-e2c55b704894.senaatti.fi\/app\/uploads\/2021\/01\/Senaatti_FB_profiili_1200x630.png\",\"width\":1201,\"height\":631,\"caption\":\"Senaatti-kiinteist\u00f6t\"},\"image\":{\"@id\":\"https:\/\/www.senaatti.fi\/#\/schema\/logo\/image\/\"},\"sameAs\":[\"https:\/\/www.facebook.com\/SenaattiKiinteistot\/\",\"https:\/\/x.com\/SenaattiK\",\"https:\/\/www.linkedin.com\/company\/senate-properties\",\"https:\/\/www.youtube.com\/channel\/UCunSUhMjKd5KqASPgBrndkQ\"]}]}<\/script>\n<!-- \/ Yoast SEO plugin. -->","yoast_head_json":{"title":"Nyheter och artiklar - Senaatti","robots":{"index":"noindex","follow":"follow","max-snippet":"max-snippet:-1","max-image-preview":"max-image-preview:large","max-video-preview":"max-video-preview:-1"},"og_locale":"sv_SE","og_type":"article","og_title":"Nyheter och artiklar - Senaatti","og_description":"[vc_row][vc_column][senaatti_hero heading=&#8221;Nyheter och artiklar&#8221; text=&#8221;H\u00e4r hittar du alla v\u00e5ra nyheter och artiklar. Du kan filtrera dem enligt \u00e4mnesomr\u00e5de nedan.&#8221; image=&#8221;42070&#8243;][\/vc_column][\/vc_row][vc_row][vc_column][senaatti_news_articles][\/vc_column][\/vc_row][vc_row][vc_column][senaatti_liftcards card=&#8221;%5B%7B%22label%22%3A%22Byggprojekt%22%2C%22link%22%3A%22url%3Ahttps%253A%252F%252Ftesti-e2c55b704894.senaatti.fi%252Fhankkeet%252F%7Ctitle%3AL%25C3%25A4s%2520mer%2520om%2520byggprojekten%2520(p%25C3%25A5%2520finska)%22%2C%22description%22%3A%22Vi%20har%20%C3%A5rligen%20%C3%B6ver%20100%20p%C3%A5g%C3%A5ende%20byggprojekt%20p%C3%A5%20olika%20h%C3%A5ll%20i%20Finland.%20Vi%20bygger%20nytt%20och%20totalrenoverar%20gamla%20objekt%20enligt%20kundernas%20behov.%20St%C3%B6rsta%20delen%20av%20investeringarna%20%C3%A4r%20reparationsprojekt.%22%2C%22image%22%3A%2248136%22%7D%2C%7B%22label%22%3A%22Lokall%C3%B6sningar%20och%20lokaltj%C3%A4nster%22%2C%22link%22%3A%22url%3Ahttps%253A%252F%252Ftesti-e2c55b704894.senaatti.fi%252Fsv%252Flokallosningar-och-lokaltjanster%252F%7Ctitle%3ALokall%25C3%25B6sningar%2520och%2520lokaltj%25C3%25A4nster%22%2C%22description%22%3A%22Vi%20hj%C3%A4lper%20statsf%C3%B6rvaltningens%20organisationer%20att%20f%C3%B6rnya%20sina%20arbetss%C3%A4tt%20och%20genomf%C3%B6r%20fungerande%2C%20s%C3%A4kra%20och%20arbetsst%C3%B6djande%20arbetsmilj%C3%B6er.%22%2C%22image%22%3A%2248344%22%7D%2C%7B%22label%22%3A%22Experter%22%2C%22link%22%3A%22url%3Ahttps%253A%252F%252Ftesti-e2c55b704894.senaatti.fi%252Fsv%252Fom-oss%252Forganisation%252Fexperter%252F%7Ctitle%3AV%25C3%25A5ra%2520experter%22%2C%22description%22%3A%22H%C3%A4r%20kan%20du%20l%C3%A4sa%20mer%20om%20n%C3%A5gra%20av%20v%C3%A5ra%20experter%20inom%20olika%20omr%C3%A5den.%22%2C%22image%22%3A%2230064%22%7D%2C%7B%22label%22%3A%22S%C3%A5%20h%C3%A4r%20g%C3%B6r%20vi%22%2C%22link%22%3A%22url%3Ahttps%253A%252F%252Ftesti-e2c55b704894.senaatti.fi%252Fsv%252Fsa-har-gor-vi%252F%7Ctitle%3AS%25C3%25A5%2520h%25C3%25A4r%2520g%25C3%25B6r%2520vi%22%2C%22description%22%3A%22P%C3%A5%20denna%20sida%20finns%20svaren%20p%C3%A5%20de%20vanligaste%20fr%C3%A5gorna%20om%20statens%20fastighetssk%C3%B6tsel%20och%20fastighetsf%C3%B6rvaltning.%20Sidan%20%C3%A4r%20avsedd%20f%C3%B6r%20alla%20dem%20som%20%C3%A4r%20intresserade%20av%20att%20veta%20hur%20denna%20nationalf%C3%B6rm%C3%B6genhet%20p%C3%A5%204%2C8%20miljarder%20euro%20f%C3%B6rvaltas.%22%2C%22image%22%3A%2263424%22%7D%5D&#8221;][\/vc_column][\/vc_row]","og_url":"https:\/\/testi-e2c55b704894.senaatti.fi\/sv\/aktuellt\/nyheter-och-artiklar\/","og_site_name":"Senaatti","article_publisher":"https:\/\/www.facebook.com\/SenaattiKiinteistot\/","og_image":[{"width":1024,"height":538,"url":"https:\/\/testi-e2c55b704894.senaatti.fi\/app\/uploads\/2021\/01\/Senaatti_FB_profiili_1200x630-1024x538.png","type":"image\/png"}],"twitter_card":"summary_large_image","twitter_site":"@SenaattiK","twitter_misc":{"Ber\u00e4knad l\u00e4stid":"1 minut"},"schema":{"@context":"https:\/\/schema.org","@graph":[{"@type":"WebPage","@id":"https:\/\/testi-e2c55b704894.senaatti.fi\/sv\/aktuellt\/nyheter-och-artiklar\/","url":"https:\/\/testi-e2c55b704894.senaatti.fi\/sv\/aktuellt\/nyheter-och-artiklar\/","name":"Nyheter och artiklar - Senaatti","isPartOf":{"@id":"https:\/\/www.senaatti.fi\/#website"},"datePublished":"2024-05-27T10:17:55+00:00","dateModified":"2024-05-27T10:17:55+00:00","breadcrumb":{"@id":"https:\/\/testi-e2c55b704894.senaatti.fi\/sv\/aktuellt\/nyheter-och-artiklar\/#breadcrumb"},"inLanguage":"sv-SE","potentialAction":[{"@type":"ReadAction","target":["https:\/\/testi-e2c55b704894.senaatti.fi\/sv\/aktuellt\/nyheter-och-artiklar\/"]}]},{"@type":"BreadcrumbList","@id":"https:\/\/testi-e2c55b704894.senaatti.fi\/sv\/aktuellt\/nyheter-och-artiklar\/#breadcrumb","itemListElement":[{"@type":"ListItem","position":1,"name":"Hem","item":"https:\/\/www.senaatti.fi\/sv\/"},{"@type":"ListItem","position":2,"name":"Aktuellt","item":"https:\/\/www.senaatti.fi\/sv\/aktuellt\/"},{"@type":"ListItem","position":3,"name":"Nyheter och artiklar"}]},{"@type":"WebSite","@id":"https:\/\/www.senaatti.fi\/#website","url":"https:\/\/www.senaatti.fi\/","name":"Senaatti","description":"Just another WordPress site","publisher":{"@id":"https:\/\/www.senaatti.fi\/#organization"},"potentialAction":[{"@type":"SearchAction","target":{"@type":"EntryPoint","urlTemplate":"https:\/\/www.senaatti.fi\/?s={search_term_string}"},"query-input":{"@type":"PropertyValueSpecification","valueRequired":true,"valueName":"search_term_string"}}],"inLanguage":"sv-SE"},{"@type":"Organization","@id":"https:\/\/www.senaatti.fi\/#organization","name":"Senaatti-kiinteist\u00f6t","url":"https:\/\/www.senaatti.fi\/","logo":{"@type":"ImageObject","inLanguage":"sv-SE","@id":"https:\/\/www.senaatti.fi\/#\/schema\/logo\/image\/","url":"https:\/\/testi-e2c55b704894.senaatti.fi\/app\/uploads\/2021\/01\/Senaatti_FB_profiili_1200x630.png","contentUrl":"https:\/\/testi-e2c55b704894.senaatti.fi\/app\/uploads\/2021\/01\/Senaatti_FB_profiili_1200x630.png","width":1201,"height":631,"caption":"Senaatti-kiinteist\u00f6t"},"image":{"@id":"https:\/\/www.senaatti.fi\/#\/schema\/logo\/image\/"},"sameAs":["https:\/\/www.facebook.com\/SenaattiKiinteistot\/","https:\/\/x.com\/SenaattiK","https:\/\/www.linkedin.com\/company\/senate-properties","https:\/\/www.youtube.com\/channel\/UCunSUhMjKd5KqASPgBrndkQ"]}]}},"publishpress_future_action":{"enabled":false,"date":"2026-04-14 19:08:21","action":"change-status","newStatus":"draft","terms":[],"taxonomy":"translation_priority"},"_links":{"self":[{"href":"https:\/\/testi-e2c55b704894.senaatti.fi\/sv\/wp-json\/wp\/v2\/pages\/73639","targetHints":{"allow":["GET"]}}],"collection":[{"href":"https:\/\/testi-e2c55b704894.senaatti.fi\/sv\/wp-json\/wp\/v2\/pages"}],"about":[{"href":"https:\/\/testi-e2c55b704894.senaatti.fi\/sv\/wp-json\/wp\/v2\/types\/page"}],"author":[{"embeddable":true,"href":"https:\/\/testi-e2c55b704894.senaatti.fi\/sv\/wp-json\/wp\/v2\/users\/79"}],"replies":[{"embeddable":true,"href":"https:\/\/testi-e2c55b704894.senaatti.fi\/sv\/wp-json\/wp\/v2\/comments?post=73639"}],"version-history":[{"count":9,"href":"https:\/\/testi-e2c55b704894.senaatti.fi\/sv\/wp-json\/wp\/v2\/pages\/73639\/revisions"}],"predecessor-version":[{"id":74085,"href":"https:\/\/testi-e2c55b704894.senaatti.fi\/sv\/wp-json\/wp\/v2\/pages\/73639\/revisions\/74085"}],"up":[{"embeddable":true,"href":"https:\/\/testi-e2c55b704894.senaatti.fi\/sv\/wp-json\/wp\/v2\/pages\/58688"}],"wp:attachment":[{"href":"https:\/\/testi-e2c55b704894.senaatti.fi\/sv\/wp-json\/wp\/v2\/media?parent=73639"}],"curies":[{"name":"wp","href":"https:\/\/api.w.org\/{rel}","templated":true}]}}