{"id":77200,"date":"2024-11-04T12:18:12","date_gmt":"2024-11-04T10:18:12","guid":{"rendered":"https:\/\/testi-e2c55b704894.senaatti.fi\/?page_id=77200"},"modified":"2024-11-04T13:19:03","modified_gmt":"2024-11-04T11:19:03","slug":"integritetspolicy-for-identitets-och-atkomsthantering","status":"publish","type":"page","link":"https:\/\/testi-e2c55b704894.senaatti.fi\/sv\/integritetspolicy-for-identitets-och-atkomsthantering\/","title":{"rendered":"Integritetspolicy f\u00f6r identitets- och \u00e5tkomsthantering"},"content":{"rendered":"<div class=\"wpb-content-wrapper\"><p>[vc_row][vc_column][senaatti_hero heading=&#8221;Integritetspolicy f\u00f6r Senatkoncernens identitets- och \u00e5tkomsthantering&#8221;][\/vc_column][\/vc_row][vc_row][vc_column][vc_column_text remove_empty_space_above=&#8221;true&#8221;]<\/p>\n<h2>1. Personuppgiftsansvarig och kontaktuppgifter<\/h2>\n<p>Senatfastigheter och F\u00f6rsvarsfastigheter<\/p>\n<p>Senatfastigheter: F\u00e5gelviksgatan 5 A, PB 237, 00531 Helsingfors<br \/>\nE-post: kirjaamo(at)senaatti.fi<\/p>\n<p>F\u00f6rsvarsfastigheter: Isoympyr\u00e4katu 10, PB 1, 49401 Fredrikshamn<br \/>\nE-post: kirjaamo(at)puolustuskiinteistot.fi<\/p>\n<p>Telefon: +358 294 830 000<\/p>\n<p>Dataskyddsombud Petri Konttinen, fornamn.efternamn(at)senaatti.fi<\/p>\n<h2>2. Syfte med behandlingen av personuppgifter och r\u00e4ttslig grund f\u00f6r behandlingen<\/h2>\n<p>Syfte med behandlingen av personuppgifter \u00e4r att\u00a0administrera \u00e5tkomstr\u00e4ttigheterna f\u00f6r anst\u00e4llda p\u00e5 Senatfastigheter och dess dotterbolag F\u00f6rsvarsfastigheter i Senatkoncernens informationssystem. Dessutom administrerar systemet \u00e5tkomstr\u00e4ttigheter f\u00f6r intressentgrupper hos Senatfastigheter och F\u00f6rsvarsfastigheter (kunder och tj\u00e4nsteleverant\u00f6rer) i elektroniska tj\u00e4nster som tillhandah\u00e5lls av Senatkoncernen.<\/p>\n<p>Senatfastigheter och F\u00f6rsvarsfastigheter fungerar som gemensamt personuppgiftsansvariga i enlighet med artikel 26 i EU:s allm\u00e4nna dataskyddsf\u00f6rordning. Behandlingen av personuppgifter \u00e4r n\u00f6dv\u00e4ndig f\u00f6r att uppfylla den lagstadgade skyldigheten f\u00f6r registeransvariga (GDPR 6.1c). N\u00e4r det g\u00e4ller koncernens anst\u00e4llda beh\u00f6vs behandlingen f\u00f6r att genomf\u00f6ra ett s\u00e5dant avtal (arbetsgivarskyldigheter) i vilket den registrerade \u00e4r part (GDPR artikel 6.1 b).<\/p>\n<h2>3. Behandlade personuppgifter och grupper av registrerade<\/h2>\n<p>I systemet behandlas uppgifter om koncernens anst\u00e4llda, anst\u00e4llda hos koncernens kundorganisationer och anst\u00e4llda hos tj\u00e4nsteleverant\u00f6rer.<\/p>\n<p>Uppgifter om koncernanst\u00e4llda: namn, telefonnummer, e-postadress, organisation, anv\u00e4ndar-ID, personens chef, befattning, verksamhetsst\u00e4llets adress, anst\u00e4llningsdatum och extern identifierare.<\/p>\n<p>Uppgifter om anst\u00e4llda hos kundorganisationer och tj\u00e4nsteleverant\u00f6rer: namn, telefonnummer, e-postadress, organisation, anv\u00e4ndar-ID.<\/p>\n<h2>4. Regelm\u00e4ssiga uppgiftsk\u00e4llor<\/h2>\n<p>Uppgifterna om koncernens personal f\u00e5s ur koncernens personalsystem.<\/p>\n<p>Uppgifterna om kundernas anst\u00e4llda f\u00e5s n\u00e4r de registrerar sig via Virtu-autentisering (anv\u00e4ndaren sparar sj\u00e4lv telefonnumret). Uppgifterna om tj\u00e4nsteleverant\u00f6rernas anst\u00e4llda f\u00e5s n\u00e4r personerna sj\u00e4lva registrerar sig i systemet, eller ocks\u00e5 kan koncernens huvudanv\u00e4ndare registrera uppgifterna f\u00f6r deras r\u00e4kning.<\/p>\n<p>Personerna kan komplettera sina egna uppgifter sj\u00e4lva.<\/p>\n<h2>5. Mottagare eller mottagargrupper av personuppgifter<\/h2>\n<p>\u00c5tkomst till personuppgifter har koncernens huvudanv\u00e4ndare samt de tj\u00e4nsteleverant\u00f6rer inom koncernen som utf\u00f6r service- och st\u00f6duppgifter f\u00f6r de personuppgiftsansvarigas r\u00e4kning.<\/p>\n<h2>6. \u00d6verf\u00f6ring av uppgifter utanf\u00f6r EU eller EES<\/h2>\n<p>Uppgifterna \u00f6verf\u00f6rs inte till l\u00e4nder utanf\u00f6r EES.<\/p>\n<h2>7. Personuppgifternas skydd<\/h2>\n<p>Senatkoncernen har vidtagit de tekniska och organisatoriska \u00e5tg\u00e4rder som beh\u00f6vs f\u00f6r att skydda personuppgifter mot obeh\u00f6rig \u00e5tkomst och mot oavsiktlig eller olaglig utpl\u00e5ning, \u00e4ndring, utl\u00e4mnande, \u00f6verf\u00f6ring eller annan olaglig behandling av uppgifter.<\/p>\n<p>Uppgifterna i systemet skyddas i databasen med hj\u00e4lp av en brandv\u00e4gg och andra tekniska medel.\u00a0Anv\u00e4ndning av systemet kr\u00e4ver ett personligt anv\u00e4ndarnamn och l\u00f6senord.<\/p>\n<p>Anv\u00e4ndare, som har tillg\u00e5ng till systemet, ser bara sina egna uppgifter i systemet.<\/p>\n<h2>8. Uppgifternas lagringstid och kriterier f\u00f6r hur denna fastst\u00e4lls<\/h2>\n<p>Var tredje m\u00e5nad raderar tj\u00e4nsteleverant\u00f6ren uppgifter om personer som inte har anv\u00e4nt systemet p\u00e5 tv\u00e5 \u00e5r.<\/p>\n<h2>9. De registrerades r\u00e4ttigheter<\/h2>\n<p>En registrerad person kan ut\u00f6va sina r\u00e4ttigheter enligt dataskyddsf\u00f6rordningen i f\u00f6ljande \u00e4renden:<\/p>\n<ul>\n<li>R\u00e4tt till tillg\u00e5ng till personuppgifter (information om behandlingen av egna personuppgifter)<\/li>\n<li>R\u00e4tt att \u00e5terkalla samtycke till behandling av personuppgifter i sin helhet, om samtycket har givits enbart f\u00f6r direktmarknadsf\u00f6rings\u00e4ndam\u00e5l<\/li>\n<li>R\u00e4tt att f\u00e5 sina personuppgifter korrigerade<\/li>\n<li>R\u00e4tt att f\u00e5 sina personuppgifter raderade<\/li>\n<li>R\u00e4tt att begr\u00e4nsa behandlingen av sina personuppgifter<\/li>\n<li>R\u00e4tt att mots\u00e4tta sig behandlingen av sina personuppgifter och r\u00e4tt att mots\u00e4tta sig marknadskommunikation<\/li>\n<li>R\u00e4tt att inte bli f\u00f6rem\u00e5l f\u00f6r automatiserat beslutsfattande utan att veta om det.<\/li>\n<\/ul>\n<p>Den personuppgiftsansvarige ska p\u00e5 beg\u00e4ran utan on\u00f6digt dr\u00f6jsm\u00e5l och under alla omst\u00e4ndigheter senast en m\u00e5nad efter att ha mottagit beg\u00e4ran tillhandah\u00e5lla den registrerade information om de \u00e5tg\u00e4rder som vidtagits enligt\u00a0artiklarna 15\u201322\u00a0i GDPR. Denna period f\u00e5r vid behov f\u00f6rl\u00e4ngas med ytterligare tv\u00e5 m\u00e5nader, med beaktande av hur komplicerad beg\u00e4ran \u00e4r och antalet inkomna beg\u00e4randen. Den personuppgiftsansvarige ska underr\u00e4tta den registrerade om en s\u00e5dan f\u00f6rl\u00e4ngning inom en m\u00e5nad fr\u00e5n det att beg\u00e4ran mottagits samt ange orsakerna till f\u00f6rseningen. Om den registrerade l\u00e4mnar beg\u00e4ran i elektronisk form, ska informationen om m\u00f6jligt tillhandah\u00e5llas i elektronisk form, om den registrerade inte beg\u00e4r n\u00e5got annat (artikel 12.3 i GDPR).<\/p>\n<p>Den registrerade har ocks\u00e5 r\u00e4tt att g\u00f6ra anm\u00e4lan till dataombudsmannen.[\/vc_column_text][\/vc_column][\/vc_row]<\/p>\n<\/div>","protected":false},"excerpt":{"rendered":"<p>[vc_row][vc_column][senaatti_hero heading=&#8221;Integritetspolicy f\u00f6r Senatkoncernens identitets- och \u00e5tkomsthantering&#8221;][\/vc_column][\/vc_row][vc_row][vc_column][vc_column_text remove_empty_space_above=&#8221;true&#8221;] 1. Personuppgiftsansvarig och kontaktuppgifter Senatfastigheter och F\u00f6rsvarsfastigheter Senatfastigheter: F\u00e5gelviksgatan 5 A, PB 237, 00531 Helsingfors E-post: kirjaamo(at)senaatti.fi F\u00f6rsvarsfastigheter: Isoympyr\u00e4katu 10, PB 1, 49401 Fredrikshamn E-post: kirjaamo(at)puolustuskiinteistot.fi Telefon: +358 294 830 000 Dataskyddsombud Petri Konttinen, fornamn.efternamn(at)senaatti.fi 2. Syfte med behandlingen av personuppgifter och r\u00e4ttslig grund f\u00f6r behandlingen Syfte [&hellip;]<\/p>\n","protected":false},"author":11,"featured_media":0,"parent":0,"menu_order":0,"comment_status":"closed","ping_status":"closed","template":"","meta":{"_acf_changed":false,"footnotes":""},"class_list":["post-77200","page","type-page","status-publish","hentry"],"acf":[],"yoast_head":"<!-- This site is optimized with the Yoast SEO plugin v23.9 - https:\/\/yoast.com\/wordpress\/plugins\/seo\/ -->\n<title>Integritetspolicy f\u00f6r identitets- och \u00e5tkomsthantering - Senaatti<\/title>\n<meta name=\"robots\" content=\"noindex, follow, max-snippet:-1, max-image-preview:large, max-video-preview:-1\" \/>\n<meta property=\"og:locale\" content=\"sv_SE\" \/>\n<meta property=\"og:type\" content=\"article\" \/>\n<meta property=\"og:title\" content=\"Integritetspolicy f\u00f6r identitets- och \u00e5tkomsthantering - Senaatti\" \/>\n<meta property=\"og:description\" content=\"[vc_row][vc_column][senaatti_hero heading=&#8221;Integritetspolicy f\u00f6r Senatkoncernens identitets- och \u00e5tkomsthantering&#8221;][\/vc_column][\/vc_row][vc_row][vc_column][vc_column_text remove_empty_space_above=&#8221;true&#8221;] 1. Personuppgiftsansvarig och kontaktuppgifter Senatfastigheter och F\u00f6rsvarsfastigheter Senatfastigheter: F\u00e5gelviksgatan 5 A, PB 237, 00531 Helsingfors E-post: kirjaamo(at)senaatti.fi F\u00f6rsvarsfastigheter: Isoympyr\u00e4katu 10, PB 1, 49401 Fredrikshamn E-post: kirjaamo(at)puolustuskiinteistot.fi Telefon: +358 294 830 000 Dataskyddsombud Petri Konttinen, fornamn.efternamn(at)senaatti.fi 2. Syfte med behandlingen av personuppgifter och r\u00e4ttslig grund f\u00f6r behandlingen Syfte [&hellip;]\" \/>\n<meta property=\"og:url\" content=\"https:\/\/testi-e2c55b704894.senaatti.fi\/sv\/integritetspolicy-for-identitets-och-atkomsthantering\/\" \/>\n<meta property=\"og:site_name\" content=\"Senaatti\" \/>\n<meta property=\"article:publisher\" content=\"https:\/\/www.facebook.com\/SenaattiKiinteistot\/\" \/>\n<meta property=\"article:modified_time\" content=\"2024-11-04T11:19:03+00:00\" \/>\n<meta property=\"og:image\" content=\"https:\/\/testi-e2c55b704894.senaatti.fi\/app\/uploads\/2021\/01\/Senaatti_FB_profiili_1200x630-1024x538.png\" \/>\n\t<meta property=\"og:image:width\" content=\"1024\" \/>\n\t<meta property=\"og:image:height\" content=\"538\" \/>\n\t<meta property=\"og:image:type\" content=\"image\/png\" \/>\n<meta name=\"twitter:card\" content=\"summary_large_image\" \/>\n<meta name=\"twitter:site\" content=\"@SenaattiK\" \/>\n<meta name=\"twitter:label1\" content=\"Ber\u00e4knad l\u00e4stid\" \/>\n\t<meta name=\"twitter:data1\" content=\"4 minuter\" \/>\n<script type=\"application\/ld+json\" class=\"yoast-schema-graph\">{\"@context\":\"https:\/\/schema.org\",\"@graph\":[{\"@type\":\"WebPage\",\"@id\":\"https:\/\/testi-e2c55b704894.senaatti.fi\/sv\/integritetspolicy-for-identitets-och-atkomsthantering\/\",\"url\":\"https:\/\/testi-e2c55b704894.senaatti.fi\/sv\/integritetspolicy-for-identitets-och-atkomsthantering\/\",\"name\":\"Integritetspolicy f\u00f6r identitets- och \u00e5tkomsthantering - Senaatti\",\"isPartOf\":{\"@id\":\"https:\/\/www.senaatti.fi\/#website\"},\"datePublished\":\"2024-11-04T10:18:12+00:00\",\"dateModified\":\"2024-11-04T11:19:03+00:00\",\"breadcrumb\":{\"@id\":\"https:\/\/testi-e2c55b704894.senaatti.fi\/sv\/integritetspolicy-for-identitets-och-atkomsthantering\/#breadcrumb\"},\"inLanguage\":\"sv-SE\",\"potentialAction\":[{\"@type\":\"ReadAction\",\"target\":[\"https:\/\/testi-e2c55b704894.senaatti.fi\/sv\/integritetspolicy-for-identitets-och-atkomsthantering\/\"]}]},{\"@type\":\"BreadcrumbList\",\"@id\":\"https:\/\/testi-e2c55b704894.senaatti.fi\/sv\/integritetspolicy-for-identitets-och-atkomsthantering\/#breadcrumb\",\"itemListElement\":[{\"@type\":\"ListItem\",\"position\":1,\"name\":\"Hem\",\"item\":\"https:\/\/www.senaatti.fi\/sv\/\"},{\"@type\":\"ListItem\",\"position\":2,\"name\":\"Integritetspolicy f\u00f6r identitets- och \u00e5tkomsthantering\"}]},{\"@type\":\"WebSite\",\"@id\":\"https:\/\/www.senaatti.fi\/#website\",\"url\":\"https:\/\/www.senaatti.fi\/\",\"name\":\"Senaatti\",\"description\":\"Just another WordPress site\",\"publisher\":{\"@id\":\"https:\/\/www.senaatti.fi\/#organization\"},\"potentialAction\":[{\"@type\":\"SearchAction\",\"target\":{\"@type\":\"EntryPoint\",\"urlTemplate\":\"https:\/\/www.senaatti.fi\/?s={search_term_string}\"},\"query-input\":{\"@type\":\"PropertyValueSpecification\",\"valueRequired\":true,\"valueName\":\"search_term_string\"}}],\"inLanguage\":\"sv-SE\"},{\"@type\":\"Organization\",\"@id\":\"https:\/\/www.senaatti.fi\/#organization\",\"name\":\"Senaatti-kiinteist\u00f6t\",\"url\":\"https:\/\/www.senaatti.fi\/\",\"logo\":{\"@type\":\"ImageObject\",\"inLanguage\":\"sv-SE\",\"@id\":\"https:\/\/www.senaatti.fi\/#\/schema\/logo\/image\/\",\"url\":\"https:\/\/testi-e2c55b704894.senaatti.fi\/app\/uploads\/2021\/01\/Senaatti_FB_profiili_1200x630.png\",\"contentUrl\":\"https:\/\/testi-e2c55b704894.senaatti.fi\/app\/uploads\/2021\/01\/Senaatti_FB_profiili_1200x630.png\",\"width\":1201,\"height\":631,\"caption\":\"Senaatti-kiinteist\u00f6t\"},\"image\":{\"@id\":\"https:\/\/www.senaatti.fi\/#\/schema\/logo\/image\/\"},\"sameAs\":[\"https:\/\/www.facebook.com\/SenaattiKiinteistot\/\",\"https:\/\/x.com\/SenaattiK\",\"https:\/\/www.linkedin.com\/company\/senate-properties\",\"https:\/\/www.youtube.com\/channel\/UCunSUhMjKd5KqASPgBrndkQ\"]}]}<\/script>\n<!-- \/ Yoast SEO plugin. -->","yoast_head_json":{"title":"Integritetspolicy f\u00f6r identitets- och \u00e5tkomsthantering - Senaatti","robots":{"index":"noindex","follow":"follow","max-snippet":"max-snippet:-1","max-image-preview":"max-image-preview:large","max-video-preview":"max-video-preview:-1"},"og_locale":"sv_SE","og_type":"article","og_title":"Integritetspolicy f\u00f6r identitets- och \u00e5tkomsthantering - Senaatti","og_description":"[vc_row][vc_column][senaatti_hero heading=&#8221;Integritetspolicy f\u00f6r Senatkoncernens identitets- och \u00e5tkomsthantering&#8221;][\/vc_column][\/vc_row][vc_row][vc_column][vc_column_text remove_empty_space_above=&#8221;true&#8221;] 1. Personuppgiftsansvarig och kontaktuppgifter Senatfastigheter och F\u00f6rsvarsfastigheter Senatfastigheter: F\u00e5gelviksgatan 5 A, PB 237, 00531 Helsingfors E-post: kirjaamo(at)senaatti.fi F\u00f6rsvarsfastigheter: Isoympyr\u00e4katu 10, PB 1, 49401 Fredrikshamn E-post: kirjaamo(at)puolustuskiinteistot.fi Telefon: +358 294 830 000 Dataskyddsombud Petri Konttinen, fornamn.efternamn(at)senaatti.fi 2. Syfte med behandlingen av personuppgifter och r\u00e4ttslig grund f\u00f6r behandlingen Syfte [&hellip;]","og_url":"https:\/\/testi-e2c55b704894.senaatti.fi\/sv\/integritetspolicy-for-identitets-och-atkomsthantering\/","og_site_name":"Senaatti","article_publisher":"https:\/\/www.facebook.com\/SenaattiKiinteistot\/","article_modified_time":"2024-11-04T11:19:03+00:00","og_image":[{"width":1024,"height":538,"url":"https:\/\/testi-e2c55b704894.senaatti.fi\/app\/uploads\/2021\/01\/Senaatti_FB_profiili_1200x630-1024x538.png","type":"image\/png"}],"twitter_card":"summary_large_image","twitter_site":"@SenaattiK","twitter_misc":{"Ber\u00e4knad l\u00e4stid":"4 minuter"},"schema":{"@context":"https:\/\/schema.org","@graph":[{"@type":"WebPage","@id":"https:\/\/testi-e2c55b704894.senaatti.fi\/sv\/integritetspolicy-for-identitets-och-atkomsthantering\/","url":"https:\/\/testi-e2c55b704894.senaatti.fi\/sv\/integritetspolicy-for-identitets-och-atkomsthantering\/","name":"Integritetspolicy f\u00f6r identitets- och \u00e5tkomsthantering - Senaatti","isPartOf":{"@id":"https:\/\/www.senaatti.fi\/#website"},"datePublished":"2024-11-04T10:18:12+00:00","dateModified":"2024-11-04T11:19:03+00:00","breadcrumb":{"@id":"https:\/\/testi-e2c55b704894.senaatti.fi\/sv\/integritetspolicy-for-identitets-och-atkomsthantering\/#breadcrumb"},"inLanguage":"sv-SE","potentialAction":[{"@type":"ReadAction","target":["https:\/\/testi-e2c55b704894.senaatti.fi\/sv\/integritetspolicy-for-identitets-och-atkomsthantering\/"]}]},{"@type":"BreadcrumbList","@id":"https:\/\/testi-e2c55b704894.senaatti.fi\/sv\/integritetspolicy-for-identitets-och-atkomsthantering\/#breadcrumb","itemListElement":[{"@type":"ListItem","position":1,"name":"Hem","item":"https:\/\/www.senaatti.fi\/sv\/"},{"@type":"ListItem","position":2,"name":"Integritetspolicy f\u00f6r identitets- och \u00e5tkomsthantering"}]},{"@type":"WebSite","@id":"https:\/\/www.senaatti.fi\/#website","url":"https:\/\/www.senaatti.fi\/","name":"Senaatti","description":"Just another WordPress site","publisher":{"@id":"https:\/\/www.senaatti.fi\/#organization"},"potentialAction":[{"@type":"SearchAction","target":{"@type":"EntryPoint","urlTemplate":"https:\/\/www.senaatti.fi\/?s={search_term_string}"},"query-input":{"@type":"PropertyValueSpecification","valueRequired":true,"valueName":"search_term_string"}}],"inLanguage":"sv-SE"},{"@type":"Organization","@id":"https:\/\/www.senaatti.fi\/#organization","name":"Senaatti-kiinteist\u00f6t","url":"https:\/\/www.senaatti.fi\/","logo":{"@type":"ImageObject","inLanguage":"sv-SE","@id":"https:\/\/www.senaatti.fi\/#\/schema\/logo\/image\/","url":"https:\/\/testi-e2c55b704894.senaatti.fi\/app\/uploads\/2021\/01\/Senaatti_FB_profiili_1200x630.png","contentUrl":"https:\/\/testi-e2c55b704894.senaatti.fi\/app\/uploads\/2021\/01\/Senaatti_FB_profiili_1200x630.png","width":1201,"height":631,"caption":"Senaatti-kiinteist\u00f6t"},"image":{"@id":"https:\/\/www.senaatti.fi\/#\/schema\/logo\/image\/"},"sameAs":["https:\/\/www.facebook.com\/SenaattiKiinteistot\/","https:\/\/x.com\/SenaattiK","https:\/\/www.linkedin.com\/company\/senate-properties","https:\/\/www.youtube.com\/channel\/UCunSUhMjKd5KqASPgBrndkQ"]}]}},"publishpress_future_action":{"enabled":false,"date":"2026-04-20 15:42:51","action":"change-status","newStatus":"draft","terms":[],"taxonomy":"translation_priority"},"_links":{"self":[{"href":"https:\/\/testi-e2c55b704894.senaatti.fi\/sv\/wp-json\/wp\/v2\/pages\/77200","targetHints":{"allow":["GET"]}}],"collection":[{"href":"https:\/\/testi-e2c55b704894.senaatti.fi\/sv\/wp-json\/wp\/v2\/pages"}],"about":[{"href":"https:\/\/testi-e2c55b704894.senaatti.fi\/sv\/wp-json\/wp\/v2\/types\/page"}],"author":[{"embeddable":true,"href":"https:\/\/testi-e2c55b704894.senaatti.fi\/sv\/wp-json\/wp\/v2\/users\/11"}],"replies":[{"embeddable":true,"href":"https:\/\/testi-e2c55b704894.senaatti.fi\/sv\/wp-json\/wp\/v2\/comments?post=77200"}],"version-history":[{"count":5,"href":"https:\/\/testi-e2c55b704894.senaatti.fi\/sv\/wp-json\/wp\/v2\/pages\/77200\/revisions"}],"predecessor-version":[{"id":77427,"href":"https:\/\/testi-e2c55b704894.senaatti.fi\/sv\/wp-json\/wp\/v2\/pages\/77200\/revisions\/77427"}],"wp:attachment":[{"href":"https:\/\/testi-e2c55b704894.senaatti.fi\/sv\/wp-json\/wp\/v2\/media?parent=77200"}],"curies":[{"name":"wp","href":"https:\/\/api.w.org\/{rel}","templated":true}]}}