{"id":77214,"date":"2024-10-28T14:17:58","date_gmt":"2024-10-28T12:17:58","guid":{"rendered":"https:\/\/testi-e2c55b704894.senaatti.fi\/?page_id=77214"},"modified":"2024-10-28T14:17:58","modified_gmt":"2024-10-28T12:17:58","slug":"integritetspolicy-for-senatkoncernens-e-tjanst","status":"publish","type":"page","link":"https:\/\/testi-e2c55b704894.senaatti.fi\/sv\/integritetspolicy-for-senatkoncernens-e-tjanst\/","title":{"rendered":"Integritetspolicy f\u00f6r Senatkoncernens e-tj\u00e4nst"},"content":{"rendered":"<div class=\"wpb-content-wrapper\"><p>[vc_row][vc_column][senaatti_hero heading=&#8221;Integritetspolicy f\u00f6r Senatkoncernens e-tj\u00e4nst&#8221;][\/vc_column][\/vc_row][vc_row][vc_column][vc_column_text remove_empty_space_above=&#8221;true&#8221;]<\/p>\n<h2>1. Personuppgiftsansvariga och kontaktuppgifter<\/h2>\n<p>Senatfastigheter och F\u00f6rsvarsfastigheter<\/p>\n<p>Senatfastigheter: F\u00e5gelviksgatan 5 A, PB 237, 00531 Helsingfors<br \/>\nE-post: kirjaamo(at)senaatti.fi<\/p>\n<p>F\u00f6rsvarsfastigheter: Isoympyr\u00e4katu 10, PB 1, 49401 Fredrikshamn<br \/>\nE-post: kirjaamo(at)puolustuskiinteistot.fi<\/p>\n<p>Telefon: +358 294 830 000<\/p>\n<p>Dataskyddsombud Petri Konttinen, fornamn.efternamn(at)senaatti.fi<\/p>\n<h2>2. Syfte med behandlingen av personuppgifter och r\u00e4ttslig grund f\u00f6r behandlingen<\/h2>\n<p>E-tj\u00e4nsten fungerar p\u00e5 webbplatsen senaatti.fi som en e-tj\u00e4nstportal f\u00f6r de digitala tj\u00e4nster som Senatfastigheter och F\u00f6rsvarsfastigheter erbjuder sina intressentgrupper. Senatfastigheter och F\u00f6rsvarsfastigheter \u00e4r gemensamt personuppgiftsansvariga enligt artikel 26 i GDPR.<\/p>\n<p>Behandlingen \u00e4r n\u00f6dv\u00e4ndig f\u00f6r att de personuppgiftsansvariga ska kunna utf\u00f6ra sina uppgifter av allm\u00e4nt intresse (artikel 6.1e i GDPR)). Enligt 2.1 \u00a7 i lagen om Senatfastigheter och F\u00f6rsvarsfastigheter (1018\/2020): \u201dSenatkoncernens aff\u00e4rsverk har till uppgift att bedriva verksamhet inom verksamhetsomr\u00e5det fastighets- och lokalaff\u00e4rsverksamhet och f\u00f6r statens behov producera fastighets- och lokaltj\u00e4nster, tj\u00e4nster inom ledning och f\u00f6rvaltning av lokaler, tj\u00e4nster i anslutning till anskaffning, f\u00f6rvaltning och \u00f6verl\u00e5telse av lokaler samt andra tj\u00e4nster med direkt anknytning till dem enligt serviceavtal f\u00f6r de kunder som avses i 2 \u00a7 i aff\u00e4rsverkslagen. Dessutom ska aff\u00e4rsverken ta hand om den statliga fastighetsf\u00f6rm\u00f6genhet som aff\u00e4rsverken besitter, om sk\u00f6tseln och f\u00f6rvaltningen av den samt vid behov om \u00f6verl\u00e5telse, f\u00f6rv\u00e4rv, sk\u00f6tsel och f\u00f6rvaltning av statens fastighetsf\u00f6rm\u00f6genhet och annan anknytande egendom.\u201d<\/p>\n<h2>3. Behandlade personuppgifter och grupper av registrerade<\/h2>\n<p>Via e-tj\u00e4nsten loggar man in i s\u00e5dana koncernsystem som intressentgrupperna har getts tilltr\u00e4de till med hj\u00e4lp av Senatfastigheters IAM-\u00e5tkomsthantering. Vid inloggningen sparas den registrerade personens profiluppgifter i e-tj\u00e4nsten.<\/p>\n<p>De registrerade personerna h\u00f6r till Senatkoncernens intressentgrupper (t.ex. kunder och tj\u00e4nsteleverant\u00f6rer). Den registrerade kan ocks\u00e5 vara anst\u00e4lld hos Senatkoncernen. F\u00f6ljande uppgifter registreras om personerna: namn, e-post, anv\u00e4ndarroll (kund eller annan intressentgrupp) och uppgift om vilken tj\u00e4nst personen har tillg\u00e5ng till.<\/p>\n<h2>4. Regelm\u00e4ssiga uppgiftsk\u00e4llor<\/h2>\n<p>Uppgifterna f\u00e5s av personen n\u00e4r hen loggar in i tj\u00e4nsten. Uppgifterna i e-tj\u00e4nsten kommer fr\u00e5n anv\u00e4ndarprofilen f\u00f6r IAM-\u00e5tkomsthantering.<\/p>\n<h2>5. Mottagare eller mottagargrupper av personuppgifter<\/h2>\n<p>Personuppgifterna syns f\u00f6r systemets huvudanv\u00e4ndare. Senatfastigheters IKT-tj\u00e4nsteproducenter (systemets st\u00f6dtj\u00e4nster) har tillg\u00e5ng till uppgifterna f\u00f6r att utf\u00f6ra tekniska underh\u00e5llsuppgifter.<\/p>\n<h2>6. \u00d6verf\u00f6ring av uppgifter utanf\u00f6r EU eller EES<\/h2>\n<p>Uppgifterna \u00f6verf\u00f6rs inte till l\u00e4nder utanf\u00f6r EU eller Europeiska ekonomiska samarbetsomr\u00e5det eller till l\u00e4nder utanf\u00f6r Finland.<\/p>\n<h2>7. Personuppgifternas skydd<\/h2>\n<p>Uppgifterna i systemet skyddas i databasen med hj\u00e4lp av en brandv\u00e4gg och andra tekniska medel. Personen loggar in i tj\u00e4nsten som identifierad anv\u00e4ndare med sin personliga profil.<\/p>\n<p>Personuppgifterna kan ses av systemets huvudanv\u00e4ndare. F\u00f6r serviceproducentens analystj\u00e4nsters syften \u00f6verf\u00f6rs inga personuppgifter, utan serviceproducenten anonymiserar de uppgifter som \u00f6verf\u00f6rs.<\/p>\n<h2>8. Uppgifternas lagringstid och principer f\u00f6r hur denna fastst\u00e4lls<\/h2>\n<p>Personuppgifterna (anv\u00e4ndarprofilen) raderas automatiskt n\u00e4r personen inte har loggat in i e-tj\u00e4nsten p\u00e5 4 m\u00e5nader.<\/p>\n<h2>9. De registrerades r\u00e4ttigheter<\/h2>\n<p>En registrerad person kan ut\u00f6va sina r\u00e4ttigheter enligt dataskyddsf\u00f6rordningen i f\u00f6ljande \u00e4renden:<\/p>\n<ul>\n<li>R\u00e4tt till tillg\u00e5ng till personuppgifter (information om behandlingen av egna personuppgifter)<\/li>\n<li>R\u00e4tt att \u00e5terkalla samtycke till behandling av personuppgifter i sin helhet, om samtycket har givits enbart f\u00f6r direktmarknadsf\u00f6rings\u00e4ndam\u00e5l<\/li>\n<li>R\u00e4tt att f\u00e5 sina personuppgifter korrigerade<\/li>\n<li>R\u00e4tt att f\u00e5 sina personuppgifter raderade<\/li>\n<li>R\u00e4tt att begr\u00e4nsa behandlingen av sina personuppgifter<\/li>\n<li>R\u00e4tt att mots\u00e4tta sig behandlingen av sina personuppgifter och r\u00e4tt att mots\u00e4tta sig marknadskommunikation<\/li>\n<li>R\u00e4tt att inte bli f\u00f6rem\u00e5l f\u00f6r automatiserat beslutsfattande utan att veta om det.<\/li>\n<\/ul>\n<p>Den personuppgiftsansvarige ska p\u00e5 beg\u00e4ran utan on\u00f6digt dr\u00f6jsm\u00e5l och under alla omst\u00e4ndigheter senast en m\u00e5nad efter att ha mottagit beg\u00e4ran tillhandah\u00e5lla den registrerade information om de \u00e5tg\u00e4rder som vidtagits enligt artiklarna 15\u201322 i GDPR. Denna period f\u00e5r vid behov f\u00f6rl\u00e4ngas med ytterligare tv\u00e5 m\u00e5nader, med beaktande av hur komplicerad beg\u00e4ran \u00e4r och antalet inkomna beg\u00e4randen. Den personuppgiftsansvarige ska underr\u00e4tta den registrerade om en s\u00e5dan f\u00f6rl\u00e4ngning inom en m\u00e5nad fr\u00e5n det att beg\u00e4ran mottagits samt ange orsakerna till f\u00f6rseningen. Om den registrerade l\u00e4mnar beg\u00e4ran i elektronisk form, ska informationen om m\u00f6jligt tillhandah\u00e5llas i elektronisk form, om den registrerade inte beg\u00e4r n\u00e5got annat (artikel 12.3 i GDPR).<\/p>\n<p>Den registrerade har ocks\u00e5 r\u00e4tt att g\u00f6ra anm\u00e4lan till dataombudsmannen.[\/vc_column_text][\/vc_column][\/vc_row]<\/p>\n<\/div>","protected":false},"excerpt":{"rendered":"<p>[vc_row][vc_column][senaatti_hero heading=&#8221;Integritetspolicy f\u00f6r Senatkoncernens e-tj\u00e4nst&#8221;][\/vc_column][\/vc_row][vc_row][vc_column][vc_column_text remove_empty_space_above=&#8221;true&#8221;] 1. Personuppgiftsansvariga och kontaktuppgifter Senatfastigheter och F\u00f6rsvarsfastigheter Senatfastigheter: F\u00e5gelviksgatan 5 A, PB 237, 00531 Helsingfors E-post: kirjaamo(at)senaatti.fi F\u00f6rsvarsfastigheter: Isoympyr\u00e4katu 10, PB 1, 49401 Fredrikshamn E-post: kirjaamo(at)puolustuskiinteistot.fi Telefon: +358 294 830 000 Dataskyddsombud Petri Konttinen, fornamn.efternamn(at)senaatti.fi 2. Syfte med behandlingen av personuppgifter och r\u00e4ttslig grund f\u00f6r behandlingen E-tj\u00e4nsten fungerar p\u00e5 [&hellip;]<\/p>\n","protected":false},"author":11,"featured_media":0,"parent":0,"menu_order":0,"comment_status":"closed","ping_status":"closed","template":"","meta":{"_acf_changed":false,"footnotes":""},"class_list":["post-77214","page","type-page","status-publish","hentry"],"acf":[],"yoast_head":"<!-- This site is optimized with the Yoast SEO plugin v23.9 - https:\/\/yoast.com\/wordpress\/plugins\/seo\/ -->\n<title>Integritetspolicy f\u00f6r Senatkoncernens e-tj\u00e4nst - Senaatti<\/title>\n<meta name=\"robots\" content=\"noindex, follow, max-snippet:-1, max-image-preview:large, max-video-preview:-1\" \/>\n<meta property=\"og:locale\" content=\"sv_SE\" \/>\n<meta property=\"og:type\" content=\"article\" \/>\n<meta property=\"og:title\" content=\"Integritetspolicy f\u00f6r Senatkoncernens e-tj\u00e4nst - Senaatti\" \/>\n<meta property=\"og:description\" content=\"[vc_row][vc_column][senaatti_hero heading=&#8221;Integritetspolicy f\u00f6r Senatkoncernens e-tj\u00e4nst&#8221;][\/vc_column][\/vc_row][vc_row][vc_column][vc_column_text remove_empty_space_above=&#8221;true&#8221;] 1. Personuppgiftsansvariga och kontaktuppgifter Senatfastigheter och F\u00f6rsvarsfastigheter Senatfastigheter: F\u00e5gelviksgatan 5 A, PB 237, 00531 Helsingfors E-post: kirjaamo(at)senaatti.fi F\u00f6rsvarsfastigheter: Isoympyr\u00e4katu 10, PB 1, 49401 Fredrikshamn E-post: kirjaamo(at)puolustuskiinteistot.fi Telefon: +358 294 830 000 Dataskyddsombud Petri Konttinen, fornamn.efternamn(at)senaatti.fi 2. Syfte med behandlingen av personuppgifter och r\u00e4ttslig grund f\u00f6r behandlingen E-tj\u00e4nsten fungerar p\u00e5 [&hellip;]\" \/>\n<meta property=\"og:url\" content=\"https:\/\/testi-e2c55b704894.senaatti.fi\/sv\/integritetspolicy-for-senatkoncernens-e-tjanst\/\" \/>\n<meta property=\"og:site_name\" content=\"Senaatti\" \/>\n<meta property=\"article:publisher\" content=\"https:\/\/www.facebook.com\/SenaattiKiinteistot\/\" \/>\n<meta property=\"og:image\" content=\"https:\/\/testi-e2c55b704894.senaatti.fi\/app\/uploads\/2021\/01\/Senaatti_FB_profiili_1200x630-1024x538.png\" \/>\n\t<meta property=\"og:image:width\" content=\"1024\" \/>\n\t<meta property=\"og:image:height\" content=\"538\" \/>\n\t<meta property=\"og:image:type\" content=\"image\/png\" \/>\n<meta name=\"twitter:card\" content=\"summary_large_image\" \/>\n<meta name=\"twitter:site\" content=\"@SenaattiK\" \/>\n<meta name=\"twitter:label1\" content=\"Ber\u00e4knad l\u00e4stid\" \/>\n\t<meta name=\"twitter:data1\" content=\"4 minuter\" \/>\n<script type=\"application\/ld+json\" class=\"yoast-schema-graph\">{\"@context\":\"https:\/\/schema.org\",\"@graph\":[{\"@type\":\"WebPage\",\"@id\":\"https:\/\/testi-e2c55b704894.senaatti.fi\/sv\/integritetspolicy-for-senatkoncernens-e-tjanst\/\",\"url\":\"https:\/\/testi-e2c55b704894.senaatti.fi\/sv\/integritetspolicy-for-senatkoncernens-e-tjanst\/\",\"name\":\"Integritetspolicy f\u00f6r Senatkoncernens e-tj\u00e4nst - Senaatti\",\"isPartOf\":{\"@id\":\"https:\/\/www.senaatti.fi\/#website\"},\"datePublished\":\"2024-10-28T12:17:58+00:00\",\"dateModified\":\"2024-10-28T12:17:58+00:00\",\"breadcrumb\":{\"@id\":\"https:\/\/testi-e2c55b704894.senaatti.fi\/sv\/integritetspolicy-for-senatkoncernens-e-tjanst\/#breadcrumb\"},\"inLanguage\":\"sv-SE\",\"potentialAction\":[{\"@type\":\"ReadAction\",\"target\":[\"https:\/\/testi-e2c55b704894.senaatti.fi\/sv\/integritetspolicy-for-senatkoncernens-e-tjanst\/\"]}]},{\"@type\":\"BreadcrumbList\",\"@id\":\"https:\/\/testi-e2c55b704894.senaatti.fi\/sv\/integritetspolicy-for-senatkoncernens-e-tjanst\/#breadcrumb\",\"itemListElement\":[{\"@type\":\"ListItem\",\"position\":1,\"name\":\"Hem\",\"item\":\"https:\/\/www.senaatti.fi\/sv\/\"},{\"@type\":\"ListItem\",\"position\":2,\"name\":\"Integritetspolicy f\u00f6r Senatkoncernens e-tj\u00e4nst\"}]},{\"@type\":\"WebSite\",\"@id\":\"https:\/\/www.senaatti.fi\/#website\",\"url\":\"https:\/\/www.senaatti.fi\/\",\"name\":\"Senaatti\",\"description\":\"Just another WordPress site\",\"publisher\":{\"@id\":\"https:\/\/www.senaatti.fi\/#organization\"},\"potentialAction\":[{\"@type\":\"SearchAction\",\"target\":{\"@type\":\"EntryPoint\",\"urlTemplate\":\"https:\/\/www.senaatti.fi\/?s={search_term_string}\"},\"query-input\":{\"@type\":\"PropertyValueSpecification\",\"valueRequired\":true,\"valueName\":\"search_term_string\"}}],\"inLanguage\":\"sv-SE\"},{\"@type\":\"Organization\",\"@id\":\"https:\/\/www.senaatti.fi\/#organization\",\"name\":\"Senaatti-kiinteist\u00f6t\",\"url\":\"https:\/\/www.senaatti.fi\/\",\"logo\":{\"@type\":\"ImageObject\",\"inLanguage\":\"sv-SE\",\"@id\":\"https:\/\/www.senaatti.fi\/#\/schema\/logo\/image\/\",\"url\":\"https:\/\/testi-e2c55b704894.senaatti.fi\/app\/uploads\/2021\/01\/Senaatti_FB_profiili_1200x630.png\",\"contentUrl\":\"https:\/\/testi-e2c55b704894.senaatti.fi\/app\/uploads\/2021\/01\/Senaatti_FB_profiili_1200x630.png\",\"width\":1201,\"height\":631,\"caption\":\"Senaatti-kiinteist\u00f6t\"},\"image\":{\"@id\":\"https:\/\/www.senaatti.fi\/#\/schema\/logo\/image\/\"},\"sameAs\":[\"https:\/\/www.facebook.com\/SenaattiKiinteistot\/\",\"https:\/\/x.com\/SenaattiK\",\"https:\/\/www.linkedin.com\/company\/senate-properties\",\"https:\/\/www.youtube.com\/channel\/UCunSUhMjKd5KqASPgBrndkQ\"]}]}<\/script>\n<!-- \/ Yoast SEO plugin. -->","yoast_head_json":{"title":"Integritetspolicy f\u00f6r Senatkoncernens e-tj\u00e4nst - Senaatti","robots":{"index":"noindex","follow":"follow","max-snippet":"max-snippet:-1","max-image-preview":"max-image-preview:large","max-video-preview":"max-video-preview:-1"},"og_locale":"sv_SE","og_type":"article","og_title":"Integritetspolicy f\u00f6r Senatkoncernens e-tj\u00e4nst - Senaatti","og_description":"[vc_row][vc_column][senaatti_hero heading=&#8221;Integritetspolicy f\u00f6r Senatkoncernens e-tj\u00e4nst&#8221;][\/vc_column][\/vc_row][vc_row][vc_column][vc_column_text remove_empty_space_above=&#8221;true&#8221;] 1. Personuppgiftsansvariga och kontaktuppgifter Senatfastigheter och F\u00f6rsvarsfastigheter Senatfastigheter: F\u00e5gelviksgatan 5 A, PB 237, 00531 Helsingfors E-post: kirjaamo(at)senaatti.fi F\u00f6rsvarsfastigheter: Isoympyr\u00e4katu 10, PB 1, 49401 Fredrikshamn E-post: kirjaamo(at)puolustuskiinteistot.fi Telefon: +358 294 830 000 Dataskyddsombud Petri Konttinen, fornamn.efternamn(at)senaatti.fi 2. Syfte med behandlingen av personuppgifter och r\u00e4ttslig grund f\u00f6r behandlingen E-tj\u00e4nsten fungerar p\u00e5 [&hellip;]","og_url":"https:\/\/testi-e2c55b704894.senaatti.fi\/sv\/integritetspolicy-for-senatkoncernens-e-tjanst\/","og_site_name":"Senaatti","article_publisher":"https:\/\/www.facebook.com\/SenaattiKiinteistot\/","og_image":[{"width":1024,"height":538,"url":"https:\/\/testi-e2c55b704894.senaatti.fi\/app\/uploads\/2021\/01\/Senaatti_FB_profiili_1200x630-1024x538.png","type":"image\/png"}],"twitter_card":"summary_large_image","twitter_site":"@SenaattiK","twitter_misc":{"Ber\u00e4knad l\u00e4stid":"4 minuter"},"schema":{"@context":"https:\/\/schema.org","@graph":[{"@type":"WebPage","@id":"https:\/\/testi-e2c55b704894.senaatti.fi\/sv\/integritetspolicy-for-senatkoncernens-e-tjanst\/","url":"https:\/\/testi-e2c55b704894.senaatti.fi\/sv\/integritetspolicy-for-senatkoncernens-e-tjanst\/","name":"Integritetspolicy f\u00f6r Senatkoncernens e-tj\u00e4nst - Senaatti","isPartOf":{"@id":"https:\/\/www.senaatti.fi\/#website"},"datePublished":"2024-10-28T12:17:58+00:00","dateModified":"2024-10-28T12:17:58+00:00","breadcrumb":{"@id":"https:\/\/testi-e2c55b704894.senaatti.fi\/sv\/integritetspolicy-for-senatkoncernens-e-tjanst\/#breadcrumb"},"inLanguage":"sv-SE","potentialAction":[{"@type":"ReadAction","target":["https:\/\/testi-e2c55b704894.senaatti.fi\/sv\/integritetspolicy-for-senatkoncernens-e-tjanst\/"]}]},{"@type":"BreadcrumbList","@id":"https:\/\/testi-e2c55b704894.senaatti.fi\/sv\/integritetspolicy-for-senatkoncernens-e-tjanst\/#breadcrumb","itemListElement":[{"@type":"ListItem","position":1,"name":"Hem","item":"https:\/\/www.senaatti.fi\/sv\/"},{"@type":"ListItem","position":2,"name":"Integritetspolicy f\u00f6r Senatkoncernens e-tj\u00e4nst"}]},{"@type":"WebSite","@id":"https:\/\/www.senaatti.fi\/#website","url":"https:\/\/www.senaatti.fi\/","name":"Senaatti","description":"Just another WordPress site","publisher":{"@id":"https:\/\/www.senaatti.fi\/#organization"},"potentialAction":[{"@type":"SearchAction","target":{"@type":"EntryPoint","urlTemplate":"https:\/\/www.senaatti.fi\/?s={search_term_string}"},"query-input":{"@type":"PropertyValueSpecification","valueRequired":true,"valueName":"search_term_string"}}],"inLanguage":"sv-SE"},{"@type":"Organization","@id":"https:\/\/www.senaatti.fi\/#organization","name":"Senaatti-kiinteist\u00f6t","url":"https:\/\/www.senaatti.fi\/","logo":{"@type":"ImageObject","inLanguage":"sv-SE","@id":"https:\/\/www.senaatti.fi\/#\/schema\/logo\/image\/","url":"https:\/\/testi-e2c55b704894.senaatti.fi\/app\/uploads\/2021\/01\/Senaatti_FB_profiili_1200x630.png","contentUrl":"https:\/\/testi-e2c55b704894.senaatti.fi\/app\/uploads\/2021\/01\/Senaatti_FB_profiili_1200x630.png","width":1201,"height":631,"caption":"Senaatti-kiinteist\u00f6t"},"image":{"@id":"https:\/\/www.senaatti.fi\/#\/schema\/logo\/image\/"},"sameAs":["https:\/\/www.facebook.com\/SenaattiKiinteistot\/","https:\/\/x.com\/SenaattiK","https:\/\/www.linkedin.com\/company\/senate-properties","https:\/\/www.youtube.com\/channel\/UCunSUhMjKd5KqASPgBrndkQ"]}]}},"publishpress_future_action":{"enabled":false,"date":"2026-04-20 15:54:08","action":"change-status","newStatus":"draft","terms":[],"taxonomy":"translation_priority"},"_links":{"self":[{"href":"https:\/\/testi-e2c55b704894.senaatti.fi\/sv\/wp-json\/wp\/v2\/pages\/77214","targetHints":{"allow":["GET"]}}],"collection":[{"href":"https:\/\/testi-e2c55b704894.senaatti.fi\/sv\/wp-json\/wp\/v2\/pages"}],"about":[{"href":"https:\/\/testi-e2c55b704894.senaatti.fi\/sv\/wp-json\/wp\/v2\/types\/page"}],"author":[{"embeddable":true,"href":"https:\/\/testi-e2c55b704894.senaatti.fi\/sv\/wp-json\/wp\/v2\/users\/11"}],"replies":[{"embeddable":true,"href":"https:\/\/testi-e2c55b704894.senaatti.fi\/sv\/wp-json\/wp\/v2\/comments?post=77214"}],"version-history":[{"count":9,"href":"https:\/\/testi-e2c55b704894.senaatti.fi\/sv\/wp-json\/wp\/v2\/pages\/77214\/revisions"}],"predecessor-version":[{"id":77242,"href":"https:\/\/testi-e2c55b704894.senaatti.fi\/sv\/wp-json\/wp\/v2\/pages\/77214\/revisions\/77242"}],"wp:attachment":[{"href":"https:\/\/testi-e2c55b704894.senaatti.fi\/sv\/wp-json\/wp\/v2\/media?parent=77214"}],"curies":[{"name":"wp","href":"https:\/\/api.w.org\/{rel}","templated":true}]}}